{"id":752,"date":"2025-09-29T07:45:03","date_gmt":"2025-09-29T07:45:03","guid":{"rendered":"https:\/\/camping-labaroche.alsace\/tourisme-alsace\/"},"modified":"2025-11-19T10:23:12","modified_gmt":"2025-11-19T10:23:12","slug":"tourisme-alsace","status":"publish","type":"page","link":"https:\/\/camping-labaroche.alsace\/en\/tourisme-alsace\/","title":{"rendered":"Tourism in Alsace"},"content":{"rendered":"\n<div class=\"wp-block-group alignfull is-layout-flow wp-block-group-is-layout-flow\">\n<div style=\"background-image:url(&#039;https:\/\/camping-labaroche.alsace\/wp-content\/uploads\/2025\/09\/route-des-lacs-alsace-camping-deux-hohnacks_05-scaled.webp&#039;);background-size:cover;\" class=\"wp-block-group alignfull hero-lab has-global-padding is-layout-constrained wp-container-core-group-is-layout-4bba424a wp-block-group-is-layout-constrained has-background\"><h1 class=\"has-link-color wp-elements-8b345daaadab3d407dd7edcf9eac46c9 wp-block-post-title has-text-color has-text-primary-color has-xl-font-size has-ternary-font-family\">Tourism in Alsace<\/h1><\/div>\n\n\n\n<div class=\"wp-block-group alignfull wpgrid-map-section is-layout-flow wp-container-core-group-is-layout-730c0934 wp-block-group-is-layout-flow\">\n<div class=\"wp-block-columns wpgrid-map-content is-layout-flex wp-container-core-columns-is-layout-28f84493 wp-block-columns-is-layout-flex\">\n<div class=\"wp-block-column wpgrid-map-left is-layout-flow wp-block-column-is-layout-flow\"><!-- Gridbuilder \u1d42\u1d3e Plugin (https:\/\/wpgridbuilder.com) -->\n<div class=\"wp-grid-builder wpgb-grid-5\" data-options=\"{&quot;id&quot;:5,&quot;type&quot;:&quot;masonry&quot;,&quot;source&quot;:&quot;post_type&quot;,&quot;loader&quot;:false,&quot;layout&quot;:&quot;vertical&quot;,&quot;reveal&quot;:0,&quot;isMainQuery&quot;:false,&quot;lazyLoad&quot;:false,&quot;cardSizes&quot;:{&quot;9999&quot;:{&quot;columns&quot;:3,&quot;height&quot;:120,&quot;gutter&quot;:30,&quot;ratio&quot;:&quot;1.33333&quot;},&quot;1440&quot;:{&quot;columns&quot;:2,&quot;height&quot;:120,&quot;gutter&quot;:30,&quot;ratio&quot;:&quot;1.33333&quot;},&quot;480&quot;:{&quot;columns&quot;:1,&quot;height&quot;:120,&quot;gutter&quot;:30,&quot;ratio&quot;:&quot;1.33333&quot;}},&quot;fitRows&quot;:false,&quot;equalRows&quot;:0,&quot;equalColumns&quot;:true,&quot;fillLastRow&quot;:0,&quot;centerLastRow&quot;:0,&quot;horizontalOrder&quot;:true,&quot;fullWidth&quot;:false,&quot;transitionDelay&quot;:100,&quot;gallerySlideshow&quot;:false,&quot;rowsNumber&quot;:1,&quot;slideAlign&quot;:&quot;left&quot;,&quot;groupCells&quot;:1,&quot;draggable&quot;:true,&quot;initialIndex&quot;:0,&quot;contain&quot;:false,&quot;freeScroll&quot;:false,&quot;freeFriction&quot;:&quot;0.075&quot;,&quot;friction&quot;:&quot;0.285&quot;,&quot;attraction&quot;:&quot;0.025&quot;,&quot;autoPlay&quot;:0,&quot;pageDotAriaLabel&quot;:&quot;Page dot %d&quot;,&quot;isPreview&quot;:false,&quot;isGutenberg&quot;:false,&quot;rightToLeft&quot;:false}\"><div class=\"wpgb-svg-icons\" hidden>\n\t<svg viewBox=\"0 0 120 24\" width=\"0\" height=\"0\">\n\t<defs>\n        <polygon id=\"wpgb-star-svg\" points=\"12 2.5 15.1 8.8 22 9.8 17 14.6 18.2 21.5 12 18.3 5.8 21.5 7 14.6 2 9.8 8.9 8.8\"><\/polygon>\n    <\/defs>\n    <symbol id=\"wpgb-rating-stars-svg\">\n        <use xlink:href=\"#wpgb-star-svg\"><\/use>\n        <use xlink:href=\"#wpgb-star-svg\" x=\"24\"><\/use>\n        <use xlink:href=\"#wpgb-star-svg\" x=\"48\"><\/use>\n        <use xlink:href=\"#wpgb-star-svg\" x=\"72\"><\/use>\n        <use xlink:href=\"#wpgb-star-svg\" x=\"96\"><\/use>\n    <\/symbol>\n<\/svg>\n<\/div>\n<div class=\"wpgb-wrapper\">\n\t<div class=\"wpgb-main\">\n\t<div class=\"wpgb-area wpgb-area-top-2\">\n\t<div class=\"wpgb-facet wpgb-loading wpgb-facet-1\" data-facet=\"1\" data-grid=\"5\">\t<h4 class=\"wpgb-facet-title\">Cat\u00e9gories des lieux<\/h4>\n\t\t<fieldset>\n\t\t<legend class=\"wpgb-facet-title wpgb-sr-only\">Cat\u00e9gories des lieux<\/legend>\n\t\t<div class=\"wpgb-select-facet\"><label><span class=\"wpgb-sr-only\">Cat\u00e9gories des lieux<\/span><select class=\"wpgb-select wpgb-combobox\" name=\"cat\" multiple><option value=\"\">Aucun<\/option><option value=\"towns-villages\">Towns &amp; villages&nbsp;(3)<\/option><option value=\"activities\">Activities&nbsp;(2)<\/option><option value=\"visits\">Visits&nbsp;(1)<\/option><\/select><span class=\"wpgb-select-controls\"><span class=\"wpgb-select-separator\"><\/span><svg class=\"wpgb-select-toggle\" viewBox=\"0 0 24 24\" height=\"24\" width=\"24\" aria-hidden=\"true\" focusable=\"false\"><path d=\"m12 14.536-.045.043.045-.043-5.3-5.114 5.3 5.114 5.3-5.114-5.3 5.114.045.043Z\"\/><\/svg><\/span><\/label><\/div>\t<\/fieldset>\n\t<\/div><\/div>\n<div class=\"wpgb-layout\">\n\t<div class=\"wpgb-viewport\">\n\t\t<div class=\"wpgb-masonry\">\n\t\t\t<article class=\"wpgb-card wpgb-card-21 wpgb-post-911\" data-col=\"1\" data-row=\"1\" data-format=\"standard\" data-fluid><div class=\"wpgb-card-wrapper\"><div class=\"wpgb-card-inner\" data-action><div class=\"wpgb-card-media wpgb-scheme-light\"><svg data-ratio style=\"padding-top:75%\" viewBox=\"0 0 768 576\"><\/svg><div class=\"wpgb-card-media-thumbnail\"><a href=\"https:\/\/camping-labaroche.alsace\/wp-content\/uploads\/2025\/09\/orbey-vacances-deux-hohnack-alsace_09-scaled.webp\" tabindex=\"-1\" class=\"wpgb-handle-lb wpgb-lightbox\" data-type=\"image\" data-rel=\"5\" data-title=\"orbey-vacances-deux-hohnack-alsace_09\" title=\"Enlarge photo\"><div style=\"background-image:url(https:\/\/camping-labaroche.alsace\/wp-content\/uploads\/2025\/09\/orbey-vacances-deux-hohnack-alsace_09-768x576.webp)\"><\/div><noscript><img decoding=\"async\" class=\"wpgb-noscript-img\" src=\"https:\/\/camping-labaroche.alsace\/wp-content\/uploads\/2025\/09\/orbey-vacances-deux-hohnack-alsace_09-768x576.webp\" alt=\"\" height=\"576\" width=\"768\"><\/noscript><\/a><\/div><\/div><div class=\"wpgb-card-content wpgb-scheme-dark\"><div class=\"wpgb-card-body\"><div class=\"wpgb-block-6\">Orbey<\/div><div class=\"wpgb-block-5\"><span class=\"wpgb-block-term\" data-id=\"22\">Towns &amp; villages<\/span><\/div><p class=\"wpgb-block-2\">Very close to Camping Labaroche, here&#8217;s a rich route where you can breathe in the benefits of the deep, rejuvenating&#8230;<\/p><div class=\"wpgb-block-3\">Distance du camping : 10km<\/div><\/div><div class=\"wpgb-card-footer\"><div class=\"wpgb-block-4\">D\u00e9couvrir<\/div><\/div><\/div><a class=\"wpgb-card-layer-link\" href=\"https:\/\/camping-labaroche.alsace\/en\/lieux\/camping-orbey\/\"><\/a><\/div><\/div><\/article><article class=\"wpgb-card wpgb-card-21 wpgb-post-949\" data-col=\"1\" data-row=\"1\" data-format=\"standard\" data-fluid><div class=\"wpgb-card-wrapper\"><div class=\"wpgb-card-inner\" data-action><div class=\"wpgb-card-media wpgb-scheme-light\"><svg data-ratio style=\"padding-top:66.67%\" viewBox=\"0 0 768 512\"><\/svg><div class=\"wpgb-card-media-thumbnail\"><a href=\"https:\/\/camping-labaroche.alsace\/wp-content\/uploads\/2025\/09\/munster-vacances-deux-hohnack-alsace_03-scaled.webp\" tabindex=\"-1\" class=\"wpgb-handle-lb wpgb-lightbox\" data-type=\"image\" data-rel=\"5\" data-title=\"munster-vacances-deux-hohnack-alsace_03\" title=\"Enlarge photo\"><div style=\"background-image:url(https:\/\/camping-labaroche.alsace\/wp-content\/uploads\/2025\/09\/munster-vacances-deux-hohnack-alsace_03-768x512.webp)\"><\/div><noscript><img decoding=\"async\" class=\"wpgb-noscript-img\" src=\"https:\/\/camping-labaroche.alsace\/wp-content\/uploads\/2025\/09\/munster-vacances-deux-hohnack-alsace_03-768x512.webp\" alt=\"\" height=\"512\" width=\"768\"><\/noscript><\/a><\/div><\/div><div class=\"wpgb-card-content wpgb-scheme-dark\"><div class=\"wpgb-card-body\"><div class=\"wpgb-block-6\">Munster<\/div><div class=\"wpgb-block-5\"><span class=\"wpgb-block-term\" data-id=\"22\">Towns &amp; villages<\/span><\/div><p class=\"wpgb-block-2\">Whether you&#8217;re a gourmet or simply curious, the Munster cheese house is a recommended stop after walking the cheese route&#8230;<\/p><div class=\"wpgb-block-3\">Distance du camping : 17km<\/div><\/div><div class=\"wpgb-card-footer\"><div class=\"wpgb-block-4\">D\u00e9couvrir<\/div><\/div><\/div><a class=\"wpgb-card-layer-link\" href=\"https:\/\/camping-labaroche.alsace\/en\/lieux\/camping-munster\/\"><\/a><\/div><\/div><\/article><article class=\"wpgb-card wpgb-card-21 wpgb-post-909\" data-col=\"1\" data-row=\"1\" data-format=\"standard\" data-fluid><div class=\"wpgb-card-wrapper\"><div class=\"wpgb-card-inner\" data-action><div class=\"wpgb-card-media wpgb-scheme-light\"><svg data-ratio style=\"padding-top:66.67%\" viewBox=\"0 0 768 512\"><\/svg><div class=\"wpgb-card-media-thumbnail\"><a href=\"https:\/\/camping-labaroche.alsace\/wp-content\/uploads\/2025\/09\/site-guerre-vacances-deux-hohnack-alsace_01-scaled.webp\" tabindex=\"-1\" class=\"wpgb-handle-lb wpgb-lightbox\" data-type=\"image\" data-rel=\"5\" data-title=\"site-guerre-vacances-deux-hohnack-alsace_01\" title=\"Enlarge photo\"><div style=\"background-image:url(https:\/\/camping-labaroche.alsace\/wp-content\/uploads\/2025\/09\/site-guerre-vacances-deux-hohnack-alsace_01-768x512.webp)\"><\/div><noscript><img decoding=\"async\" class=\"wpgb-noscript-img\" src=\"https:\/\/camping-labaroche.alsace\/wp-content\/uploads\/2025\/09\/site-guerre-vacances-deux-hohnack-alsace_01-768x512.webp\" alt=\"\" height=\"512\" width=\"768\"><\/noscript><\/a><\/div><\/div><div class=\"wpgb-card-content wpgb-scheme-dark\"><div class=\"wpgb-card-body\"><div class=\"wpgb-block-6\">War sites<\/div><div class=\"wpgb-block-5\"><span class=\"wpgb-block-term\" data-id=\"25\">Visits<\/span><\/div><p class=\"wpgb-block-2\">Sometimes French, sometimes German, Alsace is full of sites that shed light on the sad history of the wars that&#8230;<\/p><div class=\"wpgb-block-3\">Distance du camping : 7km<\/div><\/div><div class=\"wpgb-card-footer\"><div class=\"wpgb-block-4\">D\u00e9couvrir<\/div><\/div><\/div><a class=\"wpgb-card-layer-link\" href=\"https:\/\/camping-labaroche.alsace\/en\/lieux\/les-sites-guerre\/\"><\/a><\/div><\/div><\/article><article class=\"wpgb-card wpgb-card-21 wpgb-post-870\" data-col=\"1\" data-row=\"1\" data-format=\"standard\" data-fluid><div class=\"wpgb-card-wrapper\"><div class=\"wpgb-card-inner\" data-action><div class=\"wpgb-card-media wpgb-scheme-light\"><svg data-ratio style=\"padding-top:75%\" viewBox=\"0 0 768 576\"><\/svg><div class=\"wpgb-card-media-thumbnail\"><a href=\"https:\/\/camping-labaroche.alsace\/wp-content\/uploads\/2025\/09\/labaroche-alsace-camping-deux-hohnacks_04-scaled.webp\" tabindex=\"-1\" class=\"wpgb-handle-lb wpgb-lightbox\" data-type=\"image\" data-rel=\"5\" data-title=\"labaroche-alsace-camping-deux-hohnacks_04\" title=\"Enlarge photo\"><div style=\"background-image:url(https:\/\/camping-labaroche.alsace\/wp-content\/uploads\/2025\/09\/labaroche-alsace-camping-deux-hohnacks_04-768x576.webp)\"><\/div><noscript><img decoding=\"async\" class=\"wpgb-noscript-img\" src=\"https:\/\/camping-labaroche.alsace\/wp-content\/uploads\/2025\/09\/labaroche-alsace-camping-deux-hohnacks_04-768x576.webp\" alt=\"\" height=\"576\" width=\"768\"><\/noscript><\/a><\/div><\/div><div class=\"wpgb-card-content wpgb-scheme-dark\"><div class=\"wpgb-card-body\"><div class=\"wpgb-block-6\">Labaroche<\/div><div class=\"wpgb-block-5\"><span class=\"wpgb-block-term\" data-id=\"22\">Towns &amp; villages<\/span><\/div><p class=\"wpgb-block-2\">The commune of Labaroche is nestled in the Ballons des Vosges Regional Natural Park, between valleys and mountains. The village&#8230;<\/p><div class=\"wpgb-block-3\">Distance du camping : 4km<\/div><\/div><div class=\"wpgb-card-footer\"><div class=\"wpgb-block-4\">D\u00e9couvrir<\/div><\/div><\/div><a class=\"wpgb-card-layer-link\" href=\"https:\/\/camping-labaroche.alsace\/en\/lieux\/camping-labaroche\/\"><\/a><\/div><\/div><\/article><article class=\"wpgb-card wpgb-card-21 wpgb-post-1076\" data-col=\"1\" data-row=\"1\" data-format=\"standard\" data-fluid><div class=\"wpgb-card-wrapper\"><div class=\"wpgb-card-inner\" data-action><div class=\"wpgb-card-media wpgb-scheme-light\"><svg data-ratio style=\"padding-top:66.67%\" viewBox=\"0 0 768 512\"><\/svg><div class=\"wpgb-card-media-thumbnail\"><a href=\"https:\/\/camping-labaroche.alsace\/wp-content\/uploads\/2025\/09\/route-des-vins-alsace-camping-deux-hohnacks_08-scaled.webp\" tabindex=\"-1\" class=\"wpgb-handle-lb wpgb-lightbox\" data-type=\"image\" data-rel=\"5\" data-title=\"route-des-vins-alsace-camping-deux-hohnacks_08\" title=\"Enlarge photo\"><div style=\"background-image:url(https:\/\/camping-labaroche.alsace\/wp-content\/uploads\/2025\/09\/route-des-vins-alsace-camping-deux-hohnacks_08-768x512.webp)\"><\/div><noscript><img decoding=\"async\" class=\"wpgb-noscript-img\" src=\"https:\/\/camping-labaroche.alsace\/wp-content\/uploads\/2025\/09\/route-des-vins-alsace-camping-deux-hohnacks_08-768x512.webp\" alt=\"\" height=\"512\" width=\"768\"><\/noscript><\/a><\/div><\/div><div class=\"wpgb-card-content wpgb-scheme-dark\"><div class=\"wpgb-card-body\"><div class=\"wpgb-block-6\">The Alsace Wine Route<\/div><div class=\"wpgb-block-5\"><span class=\"wpgb-block-term\" data-id=\"29\">Activities<\/span><\/div><p class=\"wpgb-block-2\">At Camping Labaroche, you&#8217;ll find peace and nature, nestled in the Vosges heights. However, it would be a shame to&#8230;<\/p><div class=\"wpgb-block-3\">Distance du camping : 13km<\/div><\/div><div class=\"wpgb-card-footer\"><div class=\"wpgb-block-4\">D\u00e9couvrir<\/div><\/div><\/div><a class=\"wpgb-card-layer-link\" href=\"https:\/\/camping-labaroche.alsace\/en\/lieux\/route-des-vins\/\"><\/a><\/div><\/div><\/article><article class=\"wpgb-card wpgb-card-21 wpgb-post-999\" data-col=\"1\" data-row=\"1\" data-format=\"standard\" data-fluid><div class=\"wpgb-card-wrapper\"><div class=\"wpgb-card-inner\" data-action><div class=\"wpgb-card-media wpgb-scheme-light\"><svg data-ratio style=\"padding-top:62.5%\" viewBox=\"0 0 768 480\"><\/svg><div class=\"wpgb-card-media-thumbnail\"><a href=\"https:\/\/camping-labaroche.alsace\/wp-content\/uploads\/2025\/09\/route-des-lacs-alsace-camping-deux-hohnacks_06.webp\" tabindex=\"-1\" class=\"wpgb-handle-lb wpgb-lightbox\" data-type=\"image\" data-rel=\"5\" data-title=\"route-des-lacs-alsace-camping-deux-hohnacks_06\" title=\"Enlarge photo\"><div style=\"background-image:url(https:\/\/camping-labaroche.alsace\/wp-content\/uploads\/2025\/09\/route-des-lacs-alsace-camping-deux-hohnacks_06-768x480.webp)\"><\/div><noscript><img decoding=\"async\" class=\"wpgb-noscript-img\" src=\"https:\/\/camping-labaroche.alsace\/wp-content\/uploads\/2025\/09\/route-des-lacs-alsace-camping-deux-hohnacks_06-768x480.webp\" alt=\"\" height=\"480\" width=\"768\"><\/noscript><\/a><\/div><\/div><div class=\"wpgb-card-content wpgb-scheme-dark\"><div class=\"wpgb-card-body\"><div class=\"wpgb-block-6\">Lakes Route<\/div><div class=\"wpgb-block-5\"><span class=\"wpgb-block-term\" data-id=\"29\">Activities<\/span><\/div><p class=\"wpgb-block-2\">The 4 Lakes circuit of the Alsace Ridge Route runs through the region&#8217;s green lung, the Ballons des Vosges Regional&#8230;<\/p><div class=\"wpgb-block-3\">Distance du camping : 5km<\/div><\/div><div class=\"wpgb-card-footer\"><div class=\"wpgb-block-4\">D\u00e9couvrir<\/div><\/div><\/div><a class=\"wpgb-card-layer-link\" href=\"https:\/\/camping-labaroche.alsace\/en\/lieux\/route-des-lacs\/\"><\/a><\/div><\/div><\/article>\t\t<\/div>\n\t<\/div>\n\t<\/div>\n\t<\/div>\n\t\t<\/div>\n<\/div>\n<\/div>\n\n\n\n<div class=\"wp-block-column wpgrid-map-right is-layout-flow wp-block-column-is-layout-flow\"><div class=\"wpgb-facet wpgb-loading wpgb-facet-9\" data-facet=\"9\" data-grid=\"5\">\t<fieldset>\n\t\t<legend class=\"wpgb-facet-title wpgb-sr-only\">Plune Map &#8211; Map facet<\/legend>\n\t\t<div class=\"wpgb-map-facet\" style=\"padding-bottom:100%\"><\/div><label class=\"wpgb-map-pan-to-search\">\n\t\t\t\t<input type=\"checkbox\">\n\t\t\t\t<span class=\"wpgb-checkbox-control\"><\/span>\n\t\t\t\t<span class=\"wpgb-map-pan-label\">Rechercher quand je d\u00e9place la carte<\/span>\n\t\t\t<\/label>\t<\/fieldset>\n\t<\/div><\/div>\n<\/div>\n<\/div>\n<\/div>\n","protected":false},"excerpt":{"rendered":"","protected":false},"author":1,"featured_media":0,"parent":0,"menu_order":48,"comment_status":"closed","ping_status":"closed","template":"page-no-title","meta":{"_acf_changed":false,"_seopress_robots_primary_cat":"","_seopress_titles_title":"Tourisme en Alsace | Que faire en camping en Alsace (68) ?","_seopress_titles_desc":"D\u00e9couvrez quoi faire en camping en Alsace (68) : activit\u00e9s nature, visites culturelles, gastronomie et villages typiques. Vivez un s\u00e9jour authentique au c\u0153ur de la r\u00e9gion !","_seopress_robots_index":"","footnotes":""},"class_list":["post-752","page","type-page","status-publish","hentry"],"acf":[],"_links":{"self":[{"href":"https:\/\/camping-labaroche.alsace\/en\/wp-json\/wp\/v2\/pages\/752","targetHints":{"allow":["GET"]}}],"collection":[{"href":"https:\/\/camping-labaroche.alsace\/en\/wp-json\/wp\/v2\/pages"}],"about":[{"href":"https:\/\/camping-labaroche.alsace\/en\/wp-json\/wp\/v2\/types\/page"}],"author":[{"embeddable":true,"href":"https:\/\/camping-labaroche.alsace\/en\/wp-json\/wp\/v2\/users\/1"}],"replies":[{"embeddable":true,"href":"https:\/\/camping-labaroche.alsace\/en\/wp-json\/wp\/v2\/comments?post=752"}],"version-history":[{"count":2,"href":"https:\/\/camping-labaroche.alsace\/en\/wp-json\/wp\/v2\/pages\/752\/revisions"}],"predecessor-version":[{"id":1253,"href":"https:\/\/camping-labaroche.alsace\/en\/wp-json\/wp\/v2\/pages\/752\/revisions\/1253"}],"wp:attachment":[{"href":"https:\/\/camping-labaroche.alsace\/en\/wp-json\/wp\/v2\/media?parent=752"}],"curies":[{"name":"wp","href":"https:\/\/api.w.org\/{rel}","templated":true}]}}