{"id":860,"date":"2025-09-29T07:45:57","date_gmt":"2025-09-29T07:45:57","guid":{"rendered":"https:\/\/camping-labaroche.alsace\/location-camping-alsace\/"},"modified":"2026-02-05T16:49:35","modified_gmt":"2026-02-05T16:49:35","slug":"location-camping-alsace","status":"publish","type":"page","link":"https:\/\/camping-labaroche.alsace\/de\/location-camping-alsace\/","title":{"rendered":"Campingunterkunft im Elsass"},"content":{"rendered":"\n<div class=\"wp-block-group alignfull is-layout-flow wp-block-group-is-layout-flow\">\n<div style=\"background-image:url(&#039;https:\/\/camping-labaroche.alsace\/wp-content\/uploads\/2025\/10\/kota-finlandais-4-pers-vacances-deux-hohnack-alsace_02.jpg&#039;);background-size:cover;\" class=\"wp-block-group alignfull hero-lab has-global-padding is-layout-constrained wp-container-core-group-is-layout-4bba424a wp-block-group-is-layout-constrained has-background\">\n<p class=\"has-text-align-center is-style-default has-white-color has-text-color has-link-color has-ternary-font-family has-xl-font-size wp-elements-cbecab3af8b798a22f0733d875ca6bd6\">Unterk\u00fcnfte<\/p>\n<\/div>\n<\/div>\n\n<div class=\"wp-block-group alignfull is-style-lab-grp--light lab-bloc-4 anim_element_right has-global-padding is-layout-constrained wp-container-core-group-is-layout-ca8a03b0 wp-block-group-is-layout-constrained\" style=\"padding-top:18rem;padding-bottom:18rem\">\n<figure class=\"wp-block-image size-full is-resized is-rando picto-lab wp-duotone-bg\"><img alt=\"\" decoding=\"async\" src=\"https:\/\/camping-labaroche.alsace\/wp-content\/uploads\/2025\/09\/escalade.svg\" alt=\"\" class=\"wp-image-229\" style=\"width:auto;height:943px\"\/><\/figure>\n\n\n\n<div class=\"wp-block-group has-global-padding is-layout-constrained wp-container-core-group-is-layout-41c22256 wp-block-group-is-layout-constrained\" style=\"padding-right:var(--wp--preset--spacing--l);padding-left:var(--wp--preset--spacing--l)\">\n<p class=\"has-text-align-center is-style-lab-p--subtitle has-quaternary-color has-text-color has-link-color wp-elements-ae648cd773d6afd8c3218f03bc5dda34\">Gem\u00fctliche Nester im Bl\u00e4tterdach<\/p>\n\n\n\n<h1 class=\"wp-block-heading has-text-align-center is-style-lab-title--sub has-ternary-color has-text-color has-link-color wp-elements-9d628026bb59242e678200ca18b35baa\" style=\"margin-top:0;margin-bottom:var(--wp--preset--spacing--s)\">Unterk\u00fcnfte im Elsass<\/h1>\n\n\n\n<p class=\"has-text-align-center is-style-lab-p--base has-text-alt-color has-text-color has-link-color wp-elements-7f27d093dd3691f6ad57463a9dbcdcd4\">In Labaroche genie\u00dfen Sie die Freuden der Natur, ohne auf Komfort verzichten zu m\u00fcssen, dank unserer voll ausgestatteten Unterk\u00fcnfte. Jede Unterkunft vereint Einfachheit, Gem\u00fctlichkeit und Naturn\u00e4he f\u00fcr einen erholsamen Aufenthalt in den Bergen. Bitte beachten Sie, dass unsere Unterk\u00fcnfte nicht barrierefrei sind.  <\/p>\n<\/div>\n\n\n\n<div style=\"height:var(--wp--preset--spacing--xxl)\" aria-hidden=\"true\" class=\"wp-block-spacer\"><\/div>\n\n\n\n<div class=\"wp-block-group alignfull swiper swiper-slider-lab-1 lab-swiper has-global-padding is-layout-constrained wp-container-core-group-is-layout-92303a39 wp-block-group-is-layout-constrained\" style=\"margin-top:0;margin-bottom:0;padding-top:0;padding-right:0;padding-bottom:0;padding-left:0\">\n<div class=\"wp-block-group swiper-wrapper is-nowrap is-layout-flex wp-container-core-group-is-layout-879c0eda wp-block-group-is-layout-flex\" style=\"margin-top:0;margin-bottom:0;padding-top:0;padding-right:0;padding-bottom:0;padding-left:0\">\n<div class=\"wp-block-group swiper-slide has-global-padding is-layout-constrained wp-block-group-is-layout-constrained\">\n<div class=\"wp-block-buttons is-layout-flex wp-block-buttons-is-layout-flex\">\n<div class=\"wp-block-button is-style-lab-btn--main\"><a class=\"wp-block-button__link wp-element-button\" href=\"https:\/\/camping-labaroche.alsace\/de\/hebergements\/kota-finlandais-2-personnes\/\">Unsere finnischen Kotas f\u00fcr 2 Personen<\/a><\/div>\n<\/div>\n\n\n\n<figure data-wp-context=\"{&quot;imageId&quot;:&quot;69e5d54aad5ef&quot;}\" data-wp-interactive=\"core\/image\" class=\"wp-block-image size-large wp-lightbox-container\"><img alt=\"\" decoding=\"async\" width=\"1024\" height=\"640\" data-wp-class--hide=\"state.isContentHidden\" data-wp-class--show=\"state.isContentVisible\" data-wp-init=\"callbacks.setButtonStyles\" data-wp-on-async--click=\"actions.showLightbox\" data-wp-on-async--load=\"callbacks.setButtonStyles\" data-wp-on-async-window--resize=\"callbacks.setButtonStyles\" src=\"https:\/\/camping-labaroche.alsace\/wp-content\/uploads\/2025\/10\/kota-finlandais-2-pers-vacances-deux-hohnack-alsace_01-1024x640.jpg\" alt=\"\" class=\"wp-image-479\" style=\"aspect-ratio:4\/3;object-fit:cover\" srcset=\"https:\/\/camping-labaroche.alsace\/wp-content\/uploads\/2025\/10\/kota-finlandais-2-pers-vacances-deux-hohnack-alsace_01-1024x640.jpg 1024w, https:\/\/camping-labaroche.alsace\/wp-content\/uploads\/2025\/10\/kota-finlandais-2-pers-vacances-deux-hohnack-alsace_01-300x188.jpg 300w, https:\/\/camping-labaroche.alsace\/wp-content\/uploads\/2025\/10\/kota-finlandais-2-pers-vacances-deux-hohnack-alsace_01-768x480.jpg 768w, https:\/\/camping-labaroche.alsace\/wp-content\/uploads\/2025\/10\/kota-finlandais-2-pers-vacances-deux-hohnack-alsace_01.jpg 1920w\" sizes=\"(max-width: 1024px) 100vw, 1024px\" \/><button\n\t\t\tclass=\"lightbox-trigger\"\n\t\t\ttype=\"button\"\n\t\t\taria-haspopup=\"dialog\"\n\t\t\taria-label=\"Enlarge\"\n\t\t\tdata-wp-init=\"callbacks.initTriggerButton\"\n\t\t\tdata-wp-on-async--click=\"actions.showLightbox\"\n\t\t\tdata-wp-style--right=\"state.imageButtonRight\"\n\t\t\tdata-wp-style--top=\"state.imageButtonTop\"\n\t\t>\n\t\t\t<svg xmlns=\"http:\/\/www.w3.org\/2000\/svg\" width=\"12\" height=\"12\" fill=\"none\" viewBox=\"0 0 12 12\">\n\t\t\t\t<path fill=\"#fff\" d=\"M2 0a2 2 0 0 0-2 2v2h1.5V2a.5.5 0 0 1 .5-.5h2V0H2Zm2 10.5H2a.5.5 0 0 1-.5-.5V8H0v2a2 2 0 0 0 2 2h2v-1.5ZM8 12v-1.5h2a.5.5 0 0 0 .5-.5V8H12v2a2 2 0 0 1-2 2H8Zm2-12a2 2 0 0 1 2 2v2h-1.5V2a.5.5 0 0 0-.5-.5H8V0h2Z\" \/>\n\t\t\t<\/svg>\n\t\t<\/button><\/figure>\n<\/div>\n\n\n\n<div class=\"wp-block-group swiper-slide has-global-padding is-layout-constrained wp-block-group-is-layout-constrained\">\n<div class=\"wp-block-buttons is-layout-flex wp-block-buttons-is-layout-flex\">\n<div class=\"wp-block-button is-style-lab-btn--main\"><a class=\"wp-block-button__link wp-element-button\" href=\"https:\/\/camping-labaroche.alsace\/de\/hebergements\/kota-finlandais-4-personnes\/\">Unsere finnischen Kotas f\u00fcr 4 Personen<\/a><\/div>\n<\/div>\n\n\n\n<figure data-wp-context=\"{&quot;imageId&quot;:&quot;69e5d54abc89d&quot;}\" data-wp-interactive=\"core\/image\" class=\"wp-block-image size-large wp-lightbox-container\"><img alt=\"\" decoding=\"async\" width=\"1024\" height=\"683\" data-wp-class--hide=\"state.isContentHidden\" data-wp-class--show=\"state.isContentVisible\" data-wp-init=\"callbacks.setButtonStyles\" data-wp-on-async--click=\"actions.showLightbox\" data-wp-on-async--load=\"callbacks.setButtonStyles\" data-wp-on-async-window--resize=\"callbacks.setButtonStyles\" src=\"https:\/\/camping-labaroche.alsace\/wp-content\/uploads\/2025\/10\/kota-finlandais-4-pers-vacances-deux-hohnack-alsace_02-1024x683.jpg\" alt=\"\" class=\"wp-image-560\" style=\"aspect-ratio:4\/3;object-fit:cover\" srcset=\"https:\/\/camping-labaroche.alsace\/wp-content\/uploads\/2025\/10\/kota-finlandais-4-pers-vacances-deux-hohnack-alsace_02-1024x683.jpg 1024w, https:\/\/camping-labaroche.alsace\/wp-content\/uploads\/2025\/10\/kota-finlandais-4-pers-vacances-deux-hohnack-alsace_02-300x200.jpg 300w, https:\/\/camping-labaroche.alsace\/wp-content\/uploads\/2025\/10\/kota-finlandais-4-pers-vacances-deux-hohnack-alsace_02-768x512.jpg 768w, https:\/\/camping-labaroche.alsace\/wp-content\/uploads\/2025\/10\/kota-finlandais-4-pers-vacances-deux-hohnack-alsace_02-1440x960.jpg 1440w, https:\/\/camping-labaroche.alsace\/wp-content\/uploads\/2025\/10\/kota-finlandais-4-pers-vacances-deux-hohnack-alsace_02-1080x720.jpg 1080w, https:\/\/camping-labaroche.alsace\/wp-content\/uploads\/2025\/10\/kota-finlandais-4-pers-vacances-deux-hohnack-alsace_02-720x480.jpg 720w, https:\/\/camping-labaroche.alsace\/wp-content\/uploads\/2025\/10\/kota-finlandais-4-pers-vacances-deux-hohnack-alsace_02.jpg 1620w\" sizes=\"(max-width: 1024px) 100vw, 1024px\" \/><button\n\t\t\tclass=\"lightbox-trigger\"\n\t\t\ttype=\"button\"\n\t\t\taria-haspopup=\"dialog\"\n\t\t\taria-label=\"Enlarge\"\n\t\t\tdata-wp-init=\"callbacks.initTriggerButton\"\n\t\t\tdata-wp-on-async--click=\"actions.showLightbox\"\n\t\t\tdata-wp-style--right=\"state.imageButtonRight\"\n\t\t\tdata-wp-style--top=\"state.imageButtonTop\"\n\t\t>\n\t\t\t<svg xmlns=\"http:\/\/www.w3.org\/2000\/svg\" width=\"12\" height=\"12\" fill=\"none\" viewBox=\"0 0 12 12\">\n\t\t\t\t<path fill=\"#fff\" d=\"M2 0a2 2 0 0 0-2 2v2h1.5V2a.5.5 0 0 1 .5-.5h2V0H2Zm2 10.5H2a.5.5 0 0 1-.5-.5V8H0v2a2 2 0 0 0 2 2h2v-1.5ZM8 12v-1.5h2a.5.5 0 0 0 .5-.5V8H12v2a2 2 0 0 1-2 2H8Zm2-12a2 2 0 0 1 2 2v2h-1.5V2a.5.5 0 0 0-.5-.5H8V0h2Z\" \/>\n\t\t\t<\/svg>\n\t\t<\/button><\/figure>\n<\/div>\n\n\n\n<div class=\"wp-block-group swiper-slide has-global-padding is-layout-constrained wp-block-group-is-layout-constrained\">\n<div class=\"wp-block-buttons is-layout-flex wp-block-buttons-is-layout-flex\">\n<div class=\"wp-block-button is-style-lab-btn--main\"><a class=\"wp-block-button__link wp-element-button\" href=\"https:\/\/camping-labaroche.alsace\/de\/hebergements\/hutte-2-personnes\/\">Unsere H\u00fctten<\/a><\/div>\n<\/div>\n\n\n\n<figure data-wp-context=\"{&quot;imageId&quot;:&quot;69e5d54ac954a&quot;}\" data-wp-interactive=\"core\/image\" class=\"wp-block-image size-large wp-lightbox-container\"><img alt=\"\" decoding=\"async\" width=\"1024\" height=\"683\" data-wp-class--hide=\"state.isContentHidden\" data-wp-class--show=\"state.isContentVisible\" data-wp-init=\"callbacks.setButtonStyles\" data-wp-on-async--click=\"actions.showLightbox\" data-wp-on-async--load=\"callbacks.setButtonStyles\" data-wp-on-async-window--resize=\"callbacks.setButtonStyles\" src=\"https:\/\/camping-labaroche.alsace\/wp-content\/uploads\/2025\/10\/hutte-pilotis-vacances-deux-hohnack-alsace_03-1024x683.webp\" alt=\"\" class=\"wp-image-441\" style=\"aspect-ratio:4\/3;object-fit:cover\" srcset=\"https:\/\/camping-labaroche.alsace\/wp-content\/uploads\/2025\/10\/hutte-pilotis-vacances-deux-hohnack-alsace_03-1024x683.webp 1024w, https:\/\/camping-labaroche.alsace\/wp-content\/uploads\/2025\/10\/hutte-pilotis-vacances-deux-hohnack-alsace_03-300x200.webp 300w, https:\/\/camping-labaroche.alsace\/wp-content\/uploads\/2025\/10\/hutte-pilotis-vacances-deux-hohnack-alsace_03-768x512.webp 768w, https:\/\/camping-labaroche.alsace\/wp-content\/uploads\/2025\/10\/hutte-pilotis-vacances-deux-hohnack-alsace_03-1440x960.webp 1440w, https:\/\/camping-labaroche.alsace\/wp-content\/uploads\/2025\/10\/hutte-pilotis-vacances-deux-hohnack-alsace_03-1080x720.webp 1080w, https:\/\/camping-labaroche.alsace\/wp-content\/uploads\/2025\/10\/hutte-pilotis-vacances-deux-hohnack-alsace_03-720x480.webp 720w, https:\/\/camping-labaroche.alsace\/wp-content\/uploads\/2025\/10\/hutte-pilotis-vacances-deux-hohnack-alsace_03.webp 1620w\" sizes=\"(max-width: 1024px) 100vw, 1024px\" \/><button\n\t\t\tclass=\"lightbox-trigger\"\n\t\t\ttype=\"button\"\n\t\t\taria-haspopup=\"dialog\"\n\t\t\taria-label=\"Enlarge\"\n\t\t\tdata-wp-init=\"callbacks.initTriggerButton\"\n\t\t\tdata-wp-on-async--click=\"actions.showLightbox\"\n\t\t\tdata-wp-style--right=\"state.imageButtonRight\"\n\t\t\tdata-wp-style--top=\"state.imageButtonTop\"\n\t\t>\n\t\t\t<svg xmlns=\"http:\/\/www.w3.org\/2000\/svg\" width=\"12\" height=\"12\" fill=\"none\" viewBox=\"0 0 12 12\">\n\t\t\t\t<path fill=\"#fff\" d=\"M2 0a2 2 0 0 0-2 2v2h1.5V2a.5.5 0 0 1 .5-.5h2V0H2Zm2 10.5H2a.5.5 0 0 1-.5-.5V8H0v2a2 2 0 0 0 2 2h2v-1.5ZM8 12v-1.5h2a.5.5 0 0 0 .5-.5V8H12v2a2 2 0 0 1-2 2H8Zm2-12a2 2 0 0 1 2 2v2h-1.5V2a.5.5 0 0 0-.5-.5H8V0h2Z\" \/>\n\t\t\t<\/svg>\n\t\t<\/button><\/figure>\n<\/div>\n\n\n\n<div class=\"wp-block-group swiper-slide has-global-padding is-layout-constrained wp-block-group-is-layout-constrained\">\n<div class=\"wp-block-buttons is-layout-flex wp-block-buttons-is-layout-flex\">\n<div class=\"wp-block-button is-style-lab-btn--main\"><a class=\"wp-block-button__link wp-element-button\" href=\"https:\/\/camping-labaroche.alsace\/de\/hebergements\/bivouac-sur-pilotis-2-personnes\/\">Unsere Biwaks auf Stelzen<\/a><\/div>\n<\/div>\n\n\n\n<figure data-wp-context=\"{&quot;imageId&quot;:&quot;69e5d54ad0b3c&quot;}\" data-wp-interactive=\"core\/image\" class=\"wp-block-image size-large wp-lightbox-container\"><img alt=\"\" decoding=\"async\" width=\"1024\" height=\"640\" data-wp-class--hide=\"state.isContentHidden\" data-wp-class--show=\"state.isContentVisible\" data-wp-init=\"callbacks.setButtonStyles\" data-wp-on-async--click=\"actions.showLightbox\" data-wp-on-async--load=\"callbacks.setButtonStyles\" data-wp-on-async-window--resize=\"callbacks.setButtonStyles\" src=\"https:\/\/camping-labaroche.alsace\/wp-content\/uploads\/2025\/10\/bivouac-vacances-deux-hohnack-alsace_01-1024x640.jpg\" alt=\"\" class=\"wp-image-471\" style=\"aspect-ratio:4\/3;object-fit:cover\" srcset=\"https:\/\/camping-labaroche.alsace\/wp-content\/uploads\/2025\/10\/bivouac-vacances-deux-hohnack-alsace_01-1024x640.jpg 1024w, https:\/\/camping-labaroche.alsace\/wp-content\/uploads\/2025\/10\/bivouac-vacances-deux-hohnack-alsace_01-300x188.jpg 300w, https:\/\/camping-labaroche.alsace\/wp-content\/uploads\/2025\/10\/bivouac-vacances-deux-hohnack-alsace_01-768x480.jpg 768w, https:\/\/camping-labaroche.alsace\/wp-content\/uploads\/2025\/10\/bivouac-vacances-deux-hohnack-alsace_01.jpg 1920w\" sizes=\"(max-width: 1024px) 100vw, 1024px\" \/><button\n\t\t\tclass=\"lightbox-trigger\"\n\t\t\ttype=\"button\"\n\t\t\taria-haspopup=\"dialog\"\n\t\t\taria-label=\"Enlarge\"\n\t\t\tdata-wp-init=\"callbacks.initTriggerButton\"\n\t\t\tdata-wp-on-async--click=\"actions.showLightbox\"\n\t\t\tdata-wp-style--right=\"state.imageButtonRight\"\n\t\t\tdata-wp-style--top=\"state.imageButtonTop\"\n\t\t>\n\t\t\t<svg xmlns=\"http:\/\/www.w3.org\/2000\/svg\" width=\"12\" height=\"12\" fill=\"none\" viewBox=\"0 0 12 12\">\n\t\t\t\t<path fill=\"#fff\" d=\"M2 0a2 2 0 0 0-2 2v2h1.5V2a.5.5 0 0 1 .5-.5h2V0H2Zm2 10.5H2a.5.5 0 0 1-.5-.5V8H0v2a2 2 0 0 0 2 2h2v-1.5ZM8 12v-1.5h2a.5.5 0 0 0 .5-.5V8H12v2a2 2 0 0 1-2 2H8Zm2-12a2 2 0 0 1 2 2v2h-1.5V2a.5.5 0 0 0-.5-.5H8V0h2Z\" \/>\n\t\t\t<\/svg>\n\t\t<\/button><\/figure>\n<\/div>\n\n\n\n<div class=\"wp-block-group swiper-slide has-global-padding is-layout-constrained wp-block-group-is-layout-constrained\">\n<div class=\"wp-block-buttons is-layout-flex wp-block-buttons-is-layout-flex\">\n<div class=\"wp-block-button is-style-lab-btn--main\"><a class=\"wp-block-button__link wp-element-button\" href=\"https:\/\/camping-labaroche.alsace\/de\/hebergements\/tente-tipi-8-personnes\/\">Das Tipi-Zelt<\/a><\/div>\n<\/div>\n\n\n\n<figure data-wp-context=\"{&quot;imageId&quot;:&quot;69e5d54adcc67&quot;}\" data-wp-interactive=\"core\/image\" class=\"wp-block-image size-large wp-lightbox-container\"><img alt=\"\" decoding=\"async\" width=\"1024\" height=\"683\" data-wp-class--hide=\"state.isContentHidden\" data-wp-class--show=\"state.isContentVisible\" data-wp-init=\"callbacks.setButtonStyles\" data-wp-on-async--click=\"actions.showLightbox\" data-wp-on-async--load=\"callbacks.setButtonStyles\" data-wp-on-async-window--resize=\"callbacks.setButtonStyles\" src=\"https:\/\/camping-labaroche.alsace\/wp-content\/uploads\/2025\/10\/tente-tipi-vacances-deux-hohnack-alsace_06-1024x683.jpg\" alt=\"\" class=\"wp-image-500\" style=\"aspect-ratio:4\/3;object-fit:cover\" srcset=\"https:\/\/camping-labaroche.alsace\/wp-content\/uploads\/2025\/10\/tente-tipi-vacances-deux-hohnack-alsace_06-1024x683.jpg 1024w, https:\/\/camping-labaroche.alsace\/wp-content\/uploads\/2025\/10\/tente-tipi-vacances-deux-hohnack-alsace_06-300x200.jpg 300w, https:\/\/camping-labaroche.alsace\/wp-content\/uploads\/2025\/10\/tente-tipi-vacances-deux-hohnack-alsace_06-768x512.jpg 768w, https:\/\/camping-labaroche.alsace\/wp-content\/uploads\/2025\/10\/tente-tipi-vacances-deux-hohnack-alsace_06-1440x960.jpg 1440w, https:\/\/camping-labaroche.alsace\/wp-content\/uploads\/2025\/10\/tente-tipi-vacances-deux-hohnack-alsace_06-1080x720.jpg 1080w, https:\/\/camping-labaroche.alsace\/wp-content\/uploads\/2025\/10\/tente-tipi-vacances-deux-hohnack-alsace_06-720x480.jpg 720w, https:\/\/camping-labaroche.alsace\/wp-content\/uploads\/2025\/10\/tente-tipi-vacances-deux-hohnack-alsace_06.jpg 1620w\" sizes=\"(max-width: 1024px) 100vw, 1024px\" \/><button\n\t\t\tclass=\"lightbox-trigger\"\n\t\t\ttype=\"button\"\n\t\t\taria-haspopup=\"dialog\"\n\t\t\taria-label=\"Enlarge\"\n\t\t\tdata-wp-init=\"callbacks.initTriggerButton\"\n\t\t\tdata-wp-on-async--click=\"actions.showLightbox\"\n\t\t\tdata-wp-style--right=\"state.imageButtonRight\"\n\t\t\tdata-wp-style--top=\"state.imageButtonTop\"\n\t\t>\n\t\t\t<svg xmlns=\"http:\/\/www.w3.org\/2000\/svg\" width=\"12\" height=\"12\" fill=\"none\" viewBox=\"0 0 12 12\">\n\t\t\t\t<path fill=\"#fff\" d=\"M2 0a2 2 0 0 0-2 2v2h1.5V2a.5.5 0 0 1 .5-.5h2V0H2Zm2 10.5H2a.5.5 0 0 1-.5-.5V8H0v2a2 2 0 0 0 2 2h2v-1.5ZM8 12v-1.5h2a.5.5 0 0 0 .5-.5V8H12v2a2 2 0 0 1-2 2H8Zm2-12a2 2 0 0 1 2 2v2h-1.5V2a.5.5 0 0 0-.5-.5H8V0h2Z\" \/>\n\t\t\t<\/svg>\n\t\t<\/button><\/figure>\n<\/div>\n<\/div>\n\n\n\n<div class=\"wp-block-group has-global-padding is-layout-constrained wp-container-core-group-is-layout-75ecaec4 wp-block-group-is-layout-constrained\" style=\"margin-top:var(--wp--preset--spacing--s);margin-bottom:var(--wp--preset--spacing--s)\">\n<div class=\"wp-block-group lab-slider-1-pagination has-global-padding is-layout-constrained wp-block-group-is-layout-constrained\"\/>\n<\/div>\n<\/div>\n\n\n\n<div style=\"height:var(--wp--preset--spacing--xxl)\" aria-hidden=\"true\" class=\"wp-block-spacer\"><\/div>\n\n\n\n<figure class=\"wp-block-image size-full is-resized is-hulule picto-lab wp-duotone-bg\"><img alt=\"\" decoding=\"async\" src=\"https:\/\/camping-labaroche.alsace\/wp-content\/uploads\/2025\/09\/chouette.svg\" alt=\"\" class=\"wp-image-227\" style=\"width:auto;height:338px\"\/><\/figure>\n<\/div>\n","protected":false},"excerpt":{"rendered":"<p>Unterk\u00fcnfte Gem\u00fctliche Nester im Bl\u00e4tterdach Unterk\u00fcnfte im Elsass In Labaroche genie\u00dfen Sie die Freuden der Natur, ohne auf Komfort verzichten zu m\u00fcssen, dank unserer voll ausgestatteten Unterk\u00fcnfte. Jede Unterkunft vereint Einfachheit, Gem\u00fctlichkeit und Naturn\u00e4he f\u00fcr einen erholsamen Aufenthalt in den Bergen. Bitte beachten Sie, dass unsere Unterk\u00fcnfte nicht barrierefrei sind.<\/p>\n","protected":false},"author":1,"featured_media":0,"parent":0,"menu_order":44,"comment_status":"closed","ping_status":"closed","template":"page-no-title","meta":{"_acf_changed":false,"_seopress_robots_primary_cat":"","_seopress_titles_title":"Campingunterkunft Elsass | Mieten Sie eine Unterkunft in der N\u00e4he von Colmar","_seopress_titles_desc":"Mieten Sie Ihre Campingunterkunft in der N\u00e4he von Colmar im Elsass und genie\u00dfen Sie einen Natururlaub zwischen Bergen, W\u00e4ldern und typischen D\u00f6rfern. Komfort, Ruhe und Authentizit\u00e4t erwarten Sie. ","_seopress_robots_index":"","footnotes":""},"class_list":["post-860","page","type-page","status-publish","hentry"],"acf":[],"_links":{"self":[{"href":"https:\/\/camping-labaroche.alsace\/de\/wp-json\/wp\/v2\/pages\/860","targetHints":{"allow":["GET"]}}],"collection":[{"href":"https:\/\/camping-labaroche.alsace\/de\/wp-json\/wp\/v2\/pages"}],"about":[{"href":"https:\/\/camping-labaroche.alsace\/de\/wp-json\/wp\/v2\/types\/page"}],"author":[{"embeddable":true,"href":"https:\/\/camping-labaroche.alsace\/de\/wp-json\/wp\/v2\/users\/1"}],"replies":[{"embeddable":true,"href":"https:\/\/camping-labaroche.alsace\/de\/wp-json\/wp\/v2\/comments?post=860"}],"version-history":[{"count":6,"href":"https:\/\/camping-labaroche.alsace\/de\/wp-json\/wp\/v2\/pages\/860\/revisions"}],"predecessor-version":[{"id":1571,"href":"https:\/\/camping-labaroche.alsace\/de\/wp-json\/wp\/v2\/pages\/860\/revisions\/1571"}],"wp:attachment":[{"href":"https:\/\/camping-labaroche.alsace\/de\/wp-json\/wp\/v2\/media?parent=860"}],"curies":[{"name":"wp","href":"https:\/\/api.w.org\/{rel}","templated":true}]}}