{"id":748,"date":"2025-09-29T07:51:41","date_gmt":"2025-09-29T07:51:41","guid":{"rendered":"https:\/\/camping-labaroche.alsace\/mentions-legales\/"},"modified":"2025-11-19T13:51:22","modified_gmt":"2025-11-19T13:51:22","slug":"legale-erwaehnungen","status":"publish","type":"page","link":"https:\/\/camping-labaroche.alsace\/de\/legale-erwaehnungen\/","title":{"rendered":"Impressum"},"content":{"rendered":"\n<div class=\"wp-block-group alignfull is-layout-flow wp-block-group-is-layout-flow\">\n<div style=\"background-image:url(&#039;https:\/\/camping-labaroche.alsace\/wp-content\/themes\/horizon-marketing-child\/assets\/img\/bg-hero.jpg&#039;);background-size:cover;\" class=\"wp-block-group alignfull hero-lab has-global-padding is-layout-constrained wp-container-core-group-is-layout-4bba424a wp-block-group-is-layout-constrained has-background\">\n<p class=\"has-text-align-center is-style-default has-white-color has-text-color has-link-color has-ternary-font-family has-xl-font-size wp-elements-e75cab67863bfae1f0f80c17686ed862\">Impressum<\/p>\n\n\n\n<p class=\"has-text-align-center has-white-color has-text-color has-link-color has-secondary-font-family has-l-font-size wp-elements-594749e379f6c760e65520c1f6431ac4\" style=\"font-style:normal;font-weight:400\"><\/p>\n<\/div>\n\n\n\n<div class=\"wp-block-group alignfull hrz-contenus-3 is-style-lab-grp--darker has-global-padding is-layout-constrained wp-container-core-group-is-layout-ca8a03b0 wp-block-group-is-layout-constrained\" style=\"padding-top:18rem;padding-bottom:18rem\">\n<div class=\"wp-block-columns alignwide are-vertically-aligned-top hrz-responsive-col is-style-hrz-reponsive-order hrz-contenus-3-contenus min-height is-layout-flex wp-container-core-columns-is-layout-3f562962 wp-block-columns-is-layout-flex\" style=\"margin-top:0;margin-bottom:0;padding-top:0;padding-right:var(--wp--preset--spacing--xxl);padding-bottom:0;padding-left:var(--wp--preset--spacing--xxl)\">\n<div class=\"wp-block-column is-vertically-aligned-top is-layout-flow wp-block-column-is-layout-flow\" style=\"padding-top:0;padding-right:0;padding-bottom:0;padding-left:0\">\n<h2 class=\"wp-block-heading is-style-lab-p--base is-style-lab-title--sub has-text-primary-color has-text-color has-link-color wp-elements-0e13361fa344391c6f3e05ea7aa1d326\">IDENTIT\u00c4T<br\/><\/h2>\n\n\n\n<p class=\"is-style-lab-p--base has-text-primary-color has-text-color has-link-color wp-elements-0e7cb876852a6cb3be82bb9bbecabef8\">Name der Website: <a href=\"https:\/\/camping-labaroche.alsace\/\">https:\/\/camping-labaroche.alsace\/<\/a><br\/>Adresse: 542 lieu-dit Giragoutte 68910 Labaroche, FRANCE<br\/>Eigent\u00fcmer: Alda &amp; Roland BARTOLOMEU<br\/>Verantwortlich f\u00fcr die Ver\u00f6ffentlichung: Alda &amp; Roland BARTOLOMEU<br\/>Konzept und Umsetzung: Horizon Marketing<br\/>Betreuung: Camping Labaroche<br\/>Hosting: Infomaniak<br\/><\/p>\n\n\n\n<h2 class=\"wp-block-heading is-style-lab-p--base is-style-lab-title--sub has-text-primary-color has-text-color has-link-color wp-elements-a72ceac7dcca648e198a90142b8a443b\">JURISTISCHE PERSON<br\/><\/h2>\n\n\n\n<p class=\"is-style-lab-p--base has-text-primary-color has-text-color has-link-color wp-elements-cc7cb2cd8917d837a1f56d281a2eca19\">SAS mit einem Kapital von 10.000 Euro \u2013 852 263 177 Handelsregister Colmar \u2013 542 lieu-dit Giragoutte 68910 Labaroche, FRANCE \u2013 +333 89 78 37 82 \u2013 <a href=\"mailto:contact@camping-labaroche.com\">contact@camping-labaroche.com<\/a><\/p>\n\n\n\n<h2 class=\"wp-block-heading is-style-lab-p--base is-style-lab-title--sub has-text-primary-color has-text-color has-link-color wp-elements-7d5d01d599ba3485725571ab4ebc011f\"><br\/>NUTZUNGSBEDINGUNGEN<\/h2>\n\n\n\n<p class=\"is-style-lab-p--base has-text-primary-color has-text-color has-link-color wp-elements-b5909ae2bacd24e72cd170596c5508d3\"><br\/>Die Nutzung dieser Website setzt die vollst\u00e4ndige und uneingeschr\u00e4nkte Annahme der nachstehend beschriebenen allgemeinen Nutzungsbedingungen voraus. Diese Nutzungsbedingungen k\u00f6nnen jederzeit ge\u00e4ndert oder erg\u00e4nzt werden. <\/p>\n\n\n\n<h2 class=\"wp-block-heading is-style-lab-p--base is-style-lab-title--sub has-text-primary-color has-text-color has-link-color wp-elements-129e734841a05365914cdd102b9b582d\"><br\/>INFORMATIONEN<br\/><\/h2>\n\n\n\n<p class=\"is-style-lab-p--base has-text-primary-color has-text-color has-link-color wp-elements-6f3122f87ee81f084c5d86331734a60c\">Die Informationen und Dokumente auf der Website dienen lediglich zu Informationszwecken, sind nicht ersch\u00f6pfend und k\u00f6nnen die Haftung des Website-Betreibers nicht begr\u00fcnden.<\/p>\n\n\n\n<p class=\"is-style-lab-p--base has-text-primary-color has-text-color has-link-color wp-elements-e0bf275eedf8a6f7ca2cc0e098622275\">Der Website-Betreiber kann nicht f\u00fcr direkte und indirekte Sch\u00e4den haftbar gemacht werden, die sich aus dem Zugriff auf die Website ergeben.<\/p>\n\n\n\n<h2 class=\"wp-block-heading is-style-lab-p--base is-style-lab-title--sub has-text-primary-color has-text-color has-link-color wp-elements-2a6a7b23072f497e5e86435abedd9230\"><br\/>INTERAKTIVIT\u00c4T<br\/><\/h2>\n\n\n\n<p class=\"is-style-lab-p--base has-text-primary-color has-text-color has-link-color wp-elements-028eff17ee2673f3778cf4c8cc337bff\">Nutzer der Website k\u00f6nnen Inhalte hochladen, die auf der Website in daf\u00fcr vorgesehenen Bereichen erscheinen (insbesondere \u00fcber das Kontaktformular). Die hochgeladenen Inhalte verbleiben in der Verantwortung ihrer Autoren, die die volle rechtliche Verantwortung daf\u00fcr \u00fcbernehmen. <br\/><\/p>\n\n\n\n<p class=\"is-style-lab-p--base has-text-primary-color has-text-color has-link-color wp-elements-f2d6f29970d18e12437fe93174a191ce\">Der Website-Betreiber beh\u00e4lt sich jedoch das Recht vor, ohne Vorank\u00fcndigung und ohne Begr\u00fcndung alle von Nutzern hochgeladenen Inhalte zu entfernen, die nicht den ethischen Richtlinien der Website oder der geltenden Gesetzgebung entsprechen.<\/p>\n\n\n\n<h2 class=\"wp-block-heading is-style-lab-p--base is-style-lab-title--sub has-text-primary-color has-text-color has-link-color wp-elements-9ac395f5c8434e8811a24ff588c4bbd3\"><br\/>EIGENTUM<br\/><\/h2>\n\n\n\n<p class=\"is-style-lab-p--base has-text-primary-color has-text-color has-link-color wp-elements-91a154fd5ba56cf8d1d919330293cada\">Sofern nicht anders angegeben, bleiben alle auf der Website zug\u00e4nglichen Elemente (Texte, Bilder, Grafiken, Logos, Icons, Sounds, Software usw.) das ausschlie\u00dfliche Eigentum ihrer Autoren, hinsichtlich der geistigen Eigentumsrechte oder der Nutzungsrechte.<br\/><br\/>Jede Vervielf\u00e4ltigung, Darstellung, \u00c4nderung, Ver\u00f6ffentlichung, Anpassung aller oder eines Teils der Elemente der Website, unabh\u00e4ngig von dem verwendeten Mittel oder Verfahren, ist untersagt, es sei denn, es liegt eine vorherige schriftliche Genehmigung des Autors vor.<br\/><br\/>Jede unbefugte Nutzung der Website oder eines ihrer Elemente gilt als Urheberrechtsverletzung und kann strafrechtlich verfolgt werden.<br\/><br\/>Die auf der Website wiedergegebenen Marken und Logos sind von den Unternehmen, die sie besitzen, eingetragen.<\/p>\n\n\n\n<h2 class=\"wp-block-heading is-style-lab-p--base is-style-lab-title--sub has-text-primary-color has-text-color has-link-color wp-elements-d77b78aa732632263fa3a26f61a84f70\"><br\/>LINKS<br\/><\/h2>\n\n\n\n<p class=\"is-style-lab-p--base has-text-primary-color has-text-color has-link-color wp-elements-be874045ed2d0040a7db4c84ad25503d\"><strong>Ausgehende Links<\/strong><br\/><br\/>Der Website-Betreiber lehnt jede Verantwortung ab und ist nicht durch die Verlinkung auf externe Ressourcen im Internet, weder hinsichtlich deren Inhalts noch deren Relevanz, gebunden.<br\/><br\/><strong>Eingehende Links<\/strong><br\/><br\/>Der Website-Betreiber gestattet Hyperlinks zu einer der Seiten dieser Website, vorausgesetzt, diese \u00f6ffnen ein neues Fenster und werden eindeutig dargestellt, um Folgendes zu vermeiden:<br\/><br\/><\/p>\n\n\n\n<ul class=\"wp-block-list has-s-font-size\">\n<li class=\"has-text-primary-color has-text-color has-link-color wp-elements-fff71aa80a0eb282b1011a765d7af3de\">jedes Risiko einer Verwechslung zwischen der verlinkenden Website und dem Website-Betreiber<\/li>\n\n\n\n<li class=\"has-text-primary-color has-text-color has-link-color wp-elements-fbe87bc9c9f64e055267041c710a7598\">sowie jede tendenzi\u00f6se oder gesetzeswidrige Darstellung.<\/li>\n<\/ul>\n\n\n\n<p class=\"is-style-lab-p--base has-text-primary-color has-text-color has-link-color wp-elements-d5b82c38bdfe9ba3d90e58be75d76dae\"><br\/>Der Website-Betreiber beh\u00e4lt sich das Recht vor, die Entfernung eines Links zu verlangen, wenn er der Ansicht ist, dass die Quell-Website die so definierten Regeln nicht einh\u00e4lt.<br\/><\/p>\n\n\n\n<h2 class=\"wp-block-heading is-style-lab-p--base is-style-lab-title--sub has-text-primary-color has-text-color has-link-color wp-elements-fc71158273dfe557a464c64793cef12c\"><br\/>DATENSCHUTZ<\/h2>\n\n\n\n<p class=\"is-style-lab-p--base has-text-primary-color has-text-color has-link-color wp-elements-90f16b280b2aa6beb9373214bb5b5f9a\"><br\/>Jeder Nutzer hat das Recht auf Zugang, Berichtigung und Widerspruch bez\u00fcglich seiner personenbezogenen Daten, indem er einen schriftlichen und unterzeichneten Antrag stellt, begleitet von einem Identit\u00e4tsnachweis.<\/p>\n\n\n\n<h2 class=\"wp-block-heading is-style-lab-p--base is-style-lab-title--sub has-text-primary-color has-text-color has-link-color wp-elements-2eb68bb26b950c2ad6ee08b5068543d3\"><br\/>VERBRAUCHERSCHLICHTUNGSSTELLE<\/h2>\n\n\n\n<p class=\"is-style-lab-p--base has-text-primary-color has-text-color has-link-color wp-elements-b56c395ee98a3ccb2d4fbe82aedfe3cb\"><br\/>Gem\u00e4\u00df den Bestimmungen von Artikel L 612-1 des Verbraucherschutzgesetzes hat jeder Kunde des Campingplatzes das Recht, kostenlos eine Verbraucherschlichtungsstelle zur g\u00fctlichen Beilegung eines Rechtsstreits mit dem Betreiber des Campingplatzes anzurufen.<br\/><br\/>Die Plattform zur Online-Streitbeilegung: https:\/\/ec.europa.eu\/consumers\/odr\/main\/index.cfm?event=main.home2.show&amp;lng=FR<\/p>\n\n\n\n<h2 class=\"wp-block-heading is-style-lab-p--base is-style-lab-title--sub has-text-primary-color has-text-color has-link-color wp-elements-7aeb02b01ace82820ddaa471b8ea6fa9\"><br\/>CREDITS<\/h2>\n\n\n\n<p class=\"is-style-lab-p--base has-text-primary-color has-text-color has-link-color wp-elements-b811d9614861edabce494831f5656946\"><br\/>Adobe Stock<br\/>Camping Labaroche<\/p>\n<\/div>\n<\/div>\n<\/div>\n<\/div>\n","protected":false},"excerpt":{"rendered":"<p>Impressum IDENTIT\u00c4T Name der Website: https:\/\/camping-labaroche.alsace\/Adresse: 542 lieu-dit Giragoutte 68910 Labaroche, FRANCEEigent\u00fcmer: Alda &amp; Roland BARTOLOMEUVerantwortlich f\u00fcr die Ver\u00f6ffentlichung: Alda &amp; Roland BARTOLOMEUKonzept und Umsetzung: Horizon MarketingBetreuung: Camping LabarocheHosting: Infomaniak JURISTISCHE PERSON SAS mit einem Kapital von 10.000 Euro \u2013 852 263 177 Handelsregister Colmar \u2013 542 lieu-dit Giragoutte 68910 Labaroche, FRANCE \u2013 +333 89 [&hellip;]<\/p>\n","protected":false},"author":1,"featured_media":0,"parent":0,"menu_order":14,"comment_status":"closed","ping_status":"closed","template":"","meta":{"_acf_changed":false,"_seopress_robots_primary_cat":"","_seopress_titles_title":"Impressum | 2-Sterne-Campingplatz Les Deux Hohnack in Labaroche","_seopress_titles_desc":"Impressum des 2-Sterne-Campingplatzes Les Deux Hohnack in Labaroche im Elsass.","_seopress_robots_index":"","footnotes":""},"class_list":["post-748","page","type-page","status-publish","hentry"],"acf":[],"_links":{"self":[{"href":"https:\/\/camping-labaroche.alsace\/de\/wp-json\/wp\/v2\/pages\/748","targetHints":{"allow":["GET"]}}],"collection":[{"href":"https:\/\/camping-labaroche.alsace\/de\/wp-json\/wp\/v2\/pages"}],"about":[{"href":"https:\/\/camping-labaroche.alsace\/de\/wp-json\/wp\/v2\/types\/page"}],"author":[{"embeddable":true,"href":"https:\/\/camping-labaroche.alsace\/de\/wp-json\/wp\/v2\/users\/1"}],"replies":[{"embeddable":true,"href":"https:\/\/camping-labaroche.alsace\/de\/wp-json\/wp\/v2\/comments?post=748"}],"version-history":[{"count":5,"href":"https:\/\/camping-labaroche.alsace\/de\/wp-json\/wp\/v2\/pages\/748\/revisions"}],"predecessor-version":[{"id":1322,"href":"https:\/\/camping-labaroche.alsace\/de\/wp-json\/wp\/v2\/pages\/748\/revisions\/1322"}],"wp:attachment":[{"href":"https:\/\/camping-labaroche.alsace\/de\/wp-json\/wp\/v2\/media?parent=748"}],"curies":[{"name":"wp","href":"https:\/\/api.w.org\/{rel}","templated":true}]}}