{"id":716,"date":"2025-09-29T07:51:18","date_gmt":"2025-09-29T07:51:18","guid":{"rendered":"https:\/\/camping-labaroche.alsace\/preparer-ses-vacances\/"},"modified":"2025-10-31T10:08:30","modified_gmt":"2025-10-31T10:08:30","slug":"preparer-ses-vacances","status":"publish","type":"page","link":"https:\/\/camping-labaroche.alsace\/de\/camping-colmar\/preparer-ses-vacances\/","title":{"rendered":"Bereiten Sie Ihren Aufenthalt vor"},"content":{"rendered":"\n<div class=\"wp-block-group alignfull is-layout-flow wp-block-group-is-layout-flow\">\n<div style=\"background-image:url(&#039;https:\/\/camping-labaroche.alsace\/wp-content\/themes\/horizon-marketing-child\/assets\/img\/bg-hero.jpg&#039;);background-size:cover;\" class=\"wp-block-group alignfull hero-lab has-global-padding is-layout-constrained wp-container-core-group-is-layout-4bba424a wp-block-group-is-layout-constrained has-background\">\n<p class=\"has-text-align-center is-style-default has-white-color has-text-color has-link-color has-ternary-font-family has-xl-font-size wp-elements-b6785e5b8fd8dba933df0df4e764e7e0\">Bereiten Sie vor<\/p>\n\n\n\n<p class=\"has-text-align-center has-white-color has-text-color has-link-color has-secondary-font-family has-l-font-size wp-elements-6f4bf476bc37aa23bfb2c9cf75e11576\" style=\"font-style:normal;font-weight:400\"><strong>Ihren Aufenthalt<\/strong><\/p>\n<\/div>\n\n\n\n<div class=\"wp-block-group alignfull is-style-lab-grp--dark lab-bloc-5 has-global-padding is-layout-constrained wp-container-core-group-is-layout-153433f7 wp-block-group-is-layout-constrained\" style=\"padding-top:var(--wp--preset--spacing--xxl);padding-bottom:var(--wp--preset--spacing--xxl)\">\n<figure class=\"wp-block-image size-full is-resized lab-rando picto-lab\"><img alt=\"\" decoding=\"async\" src=\"https:\/\/camping-labaroche.alsace\/wp-content\/themes\/horizon-marketing-child\/assets\/img\/rando.svg\" alt=\"\" class=\"wp-image-239\" style=\"width:auto;height:637px\"\/><\/figure>\n\n\n\n<div class=\"wp-block-group has-global-padding is-layout-constrained wp-container-core-group-is-layout-41c22256 wp-block-group-is-layout-constrained\" style=\"padding-right:var(--wp--preset--spacing--l);padding-left:var(--wp--preset--spacing--l)\">\n<p class=\"has-text-align-center is-style-lab-p--subtitle has-text-primary-color has-text-color has-link-color wp-elements-60ac3c052de1746821fab08057f2b06f\">Ihr Ausgangspunkt, um das Elsass zu entdecken<\/p>\n\n\n\n<h1 class=\"wp-block-heading has-text-align-center is-style-lab-title--sub has-ternary-color has-text-color has-link-color wp-elements-9404f1b0b31b6c07a701bef2e8a90c5b\">Ihren Campingurlaub in Colmar vorbereiten<\/h1>\n\n\n\n<p class=\"has-text-align-center is-style-lab-p--base has-text-primary-color has-text-color has-link-color wp-elements-40a11926a72011fd381dbe7f4440e4b8\" style=\"margin-top:var(--wp--preset--spacing--s);margin-bottom:var(--wp--preset--spacing--m)\">Tr\u00e4umen Sie von einem Urlaub, der Natur, Komfort und kulturelle Entdeckungen vereint? <strong>Der Campingplatz Les 2 Hohnack<\/strong> Labaroche ist der ideale Ort, um Ihre Koffer im Haut-Rhin abzustellen. Eingebettet im Herzen des Elsass bietet Ihnen dieser Campingplatz ein einzigartiges Erlebnis, zwischen Bergen und Weinbergen, nur wenige Kilometer von Colmar entfernt. <br\/><br\/>Bei Ihrer Ankunft auf dem Campingplatz werden Sie sofort von dem herzlichen Empfang und der freundlichen Atmosph\u00e4re vor Ort begeistert sein. Die ger\u00e4umigen und gut ausgestatteten Stellpl\u00e4tze erm\u00f6glichen es Ihnen, die umliegende Natur in vollen Z\u00fcgen zu genie\u00dfen. Ob Sie mit Zelt, Wohnwagen oder Wohnmobil anreisen, Sie finden allen n\u00f6tigen Komfort f\u00fcr einen angenehmen Aufenthalt. Auch Chalet-Liebhaber kommen nicht zu kurz, mit voll ausgestatteten Unterk\u00fcnften, in denen Sie sich wie zu Hause f\u00fchlen werden.   <br\/><br\/>Der Campingplatz ist auch ein idealer Ausgangspunkt, um die Reicht\u00fcmer der Region zu erkunden. Entdecken Sie die charmanten els\u00e4ssischen D\u00f6rfer, probieren Sie die lokalen Spezialit\u00e4ten oder nutzen Sie die zahlreichen Wanderwege, die Ihnen zur Verf\u00fcgung stehen. Auch f\u00fcr Kinder ist gesorgt, mit Spielpl\u00e4tzen und organisierten Aktivit\u00e4ten. Und nach einem ereignisreichen Tag, was gibt es Sch\u00f6neres, als am Pool zu entspannen oder ein Barbecue mit Freunden zu teilen?   <\/p>\n\n\n\n<p class=\"has-text-align-center is-style-lab-p--base has-text-primary-color has-text-color has-link-color wp-elements-bc2e5d678377ba1abf1c83f8300cf4fa\" style=\"margin-top:var(--wp--preset--spacing--s);margin-bottom:var(--wp--preset--spacing--m)\">Indem Sie <strong>den Campingplatz Les 2 Hohnack Labaroche<\/strong> w\u00e4hlen, entscheiden Sie sich f\u00fcr einen authentischen und erholsamen Urlaub. Warten Sie also nicht l\u00e4nger, um Ihren Aufenthalt vorzubereiten und lassen Sie sich vom Charme des Elsass verf\u00fchren. Buchen Sie jetzt und erleben Sie ein unvergessliches Erlebnis im Herzen der Natur.  <\/p>\n<\/div>\n<\/div>\n\n\n\n<div class=\"wp-block-group alignfull is-style-lab-grp--light has-global-padding is-layout-constrained wp-block-group-is-layout-constrained\" style=\"padding-top:4.8rem;padding-bottom:4.8rem\">\n<div class=\"wp-block-buttons is-content-justification-center is-layout-flex wp-container-core-buttons-is-layout-a89b3969 wp-block-buttons-is-layout-flex\">\n<div class=\"wp-block-button is-style-lab-btn--lighter\"><a class=\"wp-block-button__link has-quaternary-color has-text-color has-link-color wp-element-button\" href=\"https:\/\/camping-labaroche.alsace\/wp-content\/uploads\/2025\/10\/plan-camping.pdf\" target=\"_blank\" rel=\"noreferrer noopener\">Campingplatzplan<\/a><\/div>\n<\/div>\n<\/div>\n<\/div>\n","protected":false},"excerpt":{"rendered":"<p>Bereiten Sie vor Ihren Aufenthalt Ihr Ausgangspunkt, um das Elsass zu entdecken Ihren Campingurlaub in Colmar vorbereiten Tr\u00e4umen Sie von einem Urlaub, der Natur, Komfort und kulturelle Entdeckungen vereint? Der Campingplatz Les 2 Hohnack Labaroche ist der ideale Ort, um Ihre Koffer im Haut-Rhin abzustellen. Eingebettet im Herzen des Elsass bietet Ihnen dieser Campingplatz ein [&hellip;]<\/p>\n","protected":false},"author":1,"featured_media":0,"parent":769,"menu_order":18,"comment_status":"closed","ping_status":"closed","template":"page-no-title","meta":{"_acf_changed":false,"_seopress_robots_primary_cat":"","_seopress_titles_title":"Ihren Campingurlaub in der N\u00e4he von Colmar im Elsass vorbereiten","_seopress_titles_desc":"Laden Sie alle n\u00fctzlichen Dokumente herunter, um Ihren Urlaub auf dem Campingplatz Les 2 Hohnack Labaroche in Colmar vorzubereiten.","_seopress_robots_index":"","footnotes":""},"class_list":["post-716","page","type-page","status-publish","hentry"],"acf":[],"_links":{"self":[{"href":"https:\/\/camping-labaroche.alsace\/de\/wp-json\/wp\/v2\/pages\/716","targetHints":{"allow":["GET"]}}],"collection":[{"href":"https:\/\/camping-labaroche.alsace\/de\/wp-json\/wp\/v2\/pages"}],"about":[{"href":"https:\/\/camping-labaroche.alsace\/de\/wp-json\/wp\/v2\/types\/page"}],"author":[{"embeddable":true,"href":"https:\/\/camping-labaroche.alsace\/de\/wp-json\/wp\/v2\/users\/1"}],"replies":[{"embeddable":true,"href":"https:\/\/camping-labaroche.alsace\/de\/wp-json\/wp\/v2\/comments?post=716"}],"version-history":[{"count":1,"href":"https:\/\/camping-labaroche.alsace\/de\/wp-json\/wp\/v2\/pages\/716\/revisions"}],"predecessor-version":[{"id":725,"href":"https:\/\/camping-labaroche.alsace\/de\/wp-json\/wp\/v2\/pages\/716\/revisions\/725"}],"up":[{"embeddable":true,"href":"https:\/\/camping-labaroche.alsace\/de\/wp-json\/wp\/v2\/pages\/769"}],"wp:attachment":[{"href":"https:\/\/camping-labaroche.alsace\/de\/wp-json\/wp\/v2\/media?parent=716"}],"curies":[{"name":"wp","href":"https:\/\/api.w.org\/{rel}","templated":true}]}}