{"id":706,"date":"2025-09-29T07:51:55","date_gmt":"2025-09-29T07:51:55","guid":{"rendered":"https:\/\/camping-labaroche.alsace\/camping-4-etoiles-colmar\/"},"modified":"2026-02-05T16:49:54","modified_gmt":"2026-02-05T16:49:54","slug":"camping-2-etoiles-colmar","status":"publish","type":"page","link":"https:\/\/camping-labaroche.alsace\/de\/camping-2-etoiles-colmar\/","title":{"rendered":"Dienste"},"content":{"rendered":"\n<div class=\"wp-block-group alignfull is-layout-flow wp-block-group-is-layout-flow\">\n<div style=\"background-image:url(&#039;https:\/\/camping-labaroche.alsace\/wp-content\/uploads\/2025\/10\/services-vacances-deux-hohnack-alsace_02.webp&#039;);background-size:cover;\" class=\"wp-block-group alignfull hero-lab has-global-padding is-layout-constrained wp-container-core-group-is-layout-4bba424a wp-block-group-is-layout-constrained has-background\">\n<p class=\"has-text-align-center is-style-default has-white-color has-text-color has-link-color has-ternary-font-family has-xl-font-size wp-elements-dde3ea24b4ab69f00dbfd5ae621333e9\">Das Wichtigste<\/p>\n\n\n\n<p class=\"has-text-align-center has-white-color has-text-color has-link-color has-secondary-font-family has-l-font-size wp-elements-92f2b632eb062f55eba58b5e0f5f8657\" style=\"font-style:normal;font-weight:400\"><strong>griffbereit<\/strong><\/p>\n<\/div>\n\n\n\n<div class=\"wp-block-group alignfull hrz-contenus-3 is-style-lab-grp--darker has-global-padding is-layout-constrained wp-container-core-group-is-layout-ca8a03b0 wp-block-group-is-layout-constrained\" style=\"padding-top:18rem;padding-bottom:18rem\">\n<div class=\"wp-block-columns alignwide are-vertically-aligned-top hrz-responsive-col is-style-hrz-reponsive-order hrz-contenus-3-contenus min-height is-layout-flex wp-container-core-columns-is-layout-3f562962 wp-block-columns-is-layout-flex\" style=\"margin-top:0;margin-bottom:0;padding-top:0;padding-right:var(--wp--preset--spacing--xxl);padding-bottom:0;padding-left:var(--wp--preset--spacing--xxl)\">\n<div class=\"wp-block-column is-vertically-aligned-top is-layout-flow wp-block-column-is-layout-flow\" style=\"padding-top:0;padding-right:0;padding-bottom:0;padding-left:0\">\n<p class=\"is-style-lab-p--subtitle has-text-primary-color has-text-color has-link-color wp-elements-9bc9b87fddd5828508e19a6e7cc67f60\">Au\u00dfergew\u00f6hnlicher Aufenthalt zwischen Weinbergen und Bergen<\/p>\n\n\n\n<h1 class=\"wp-block-heading is-style-lab-title--sub has-ternary-color has-text-color has-link-color wp-elements-c7ddcdc8b14a81008f2da1e75beb2f3d\" style=\"margin-bottom:var(--wp--preset--spacing--s)\">2-Sterne-Campingplatz in Colmar<\/h1>\n\n\n\n<p class=\"is-style-lab-p--base has-text-primary-color has-text-color has-link-color wp-elements-c242ed66dbef6df79422ae5259ee1775\">Willkommen auf dem <strong>Camping Les 2 Hohnack Labaroche<\/strong>, einem Ort, an dem jedes Detail darauf ausgelegt ist, Ihren Aufenthalt so angenehm wie m\u00f6glich zu gestalten. Dieser 2-Sterne-Campingplatz in Labaroche, im D\u00e9partement Haut-Rhin gelegen und 20 Minuten westlich von Colmar im Elsass, bietet Ihnen ein einzigartiges Erlebnis im Herzen des Elsass, in der N\u00e4he von Colmar. Ob Sie Entspannung oder Abenteuer suchen, hier finden Sie eine Vielzahl von Dienstleistungen, die all Ihren Erwartungen gerecht werden.  <\/p>\n<\/div>\n\n\n\n<div class=\"wp-block-column is-vertically-aligned-top is-layout-flow wp-block-column-is-layout-flow\">\n<figure class=\"wp-block-image size-large is-resized\"><img alt=\"\" decoding=\"async\" width=\"1024\" height=\"682\" src=\"https:\/\/camping-labaroche.alsace\/wp-content\/uploads\/2025\/10\/services-vacances-deux-hohnack-alsace_04-1024x682.webp\" alt=\"\" class=\"wp-image-527\" style=\"object-fit:cover;width:700px;height:652px\" srcset=\"https:\/\/camping-labaroche.alsace\/wp-content\/uploads\/2025\/10\/services-vacances-deux-hohnack-alsace_04-1024x682.webp 1024w, https:\/\/camping-labaroche.alsace\/wp-content\/uploads\/2025\/10\/services-vacances-deux-hohnack-alsace_04-300x200.webp 300w, https:\/\/camping-labaroche.alsace\/wp-content\/uploads\/2025\/10\/services-vacances-deux-hohnack-alsace_04-768x512.webp 768w, https:\/\/camping-labaroche.alsace\/wp-content\/uploads\/2025\/10\/services-vacances-deux-hohnack-alsace_04-1440x960.webp 1440w, https:\/\/camping-labaroche.alsace\/wp-content\/uploads\/2025\/10\/services-vacances-deux-hohnack-alsace_04-1080x720.webp 1080w, https:\/\/camping-labaroche.alsace\/wp-content\/uploads\/2025\/10\/services-vacances-deux-hohnack-alsace_04-720x480.webp 720w, https:\/\/camping-labaroche.alsace\/wp-content\/uploads\/2025\/10\/services-vacances-deux-hohnack-alsace_04.webp 1621w\" sizes=\"(max-width: 1024px) 100vw, 1024px\" \/><\/figure>\n<\/div>\n<\/div>\n\n\n\n<div class=\"wp-block-columns alignwide is-not-stacked-on-mobile hrz-contenus-3-absolute is-layout-flex wp-container-core-columns-is-layout-fbf367b2 wp-block-columns-is-layout-flex\" style=\"padding-top:var(--wp--preset--spacing--xxxxxl);padding-right:var(--wp--preset--spacing--xxxxxl);padding-left:var(--wp--preset--spacing--xxl)\">\n<div class=\"wp-block-column is-layout-flow wp-block-column-is-layout-flow\">\n<figure class=\"wp-block-image size-large is-resized\"><img alt=\"\" decoding=\"async\" width=\"1024\" height=\"481\" src=\"https:\/\/camping-labaroche.alsace\/wp-content\/uploads\/2025\/10\/services-vacances-deux-hohnack-alsace_06-1024x481.webp\" alt=\"\" class=\"wp-image-530\" style=\"aspect-ratio:4\/3;object-fit:cover;width:516px\" srcset=\"https:\/\/camping-labaroche.alsace\/wp-content\/uploads\/2025\/10\/services-vacances-deux-hohnack-alsace_06-1024x481.webp 1024w, https:\/\/camping-labaroche.alsace\/wp-content\/uploads\/2025\/10\/services-vacances-deux-hohnack-alsace_06-300x141.webp 300w, https:\/\/camping-labaroche.alsace\/wp-content\/uploads\/2025\/10\/services-vacances-deux-hohnack-alsace_06-768x361.webp 768w\" sizes=\"(max-width: 1024px) 100vw, 1024px\" \/><\/figure>\n<\/div>\n\n\n\n<div class=\"wp-block-column is-layout-flow wp-block-column-is-layout-flow\">\n<figure class=\"wp-block-image size-large is-resized\"><img alt=\"\" decoding=\"async\" width=\"1024\" height=\"683\" src=\"https:\/\/camping-labaroche.alsace\/wp-content\/uploads\/2025\/10\/services-vacances-deux-hohnack-alsace_05-1024x683.webp\" alt=\"\" class=\"wp-image-531\" style=\"aspect-ratio:4\/3;object-fit:cover;width:516px\" srcset=\"https:\/\/camping-labaroche.alsace\/wp-content\/uploads\/2025\/10\/services-vacances-deux-hohnack-alsace_05-1024x683.webp 1024w, https:\/\/camping-labaroche.alsace\/wp-content\/uploads\/2025\/10\/services-vacances-deux-hohnack-alsace_05-300x200.webp 300w, https:\/\/camping-labaroche.alsace\/wp-content\/uploads\/2025\/10\/services-vacances-deux-hohnack-alsace_05-768x512.webp 768w, https:\/\/camping-labaroche.alsace\/wp-content\/uploads\/2025\/10\/services-vacances-deux-hohnack-alsace_05-1440x960.webp 1440w, https:\/\/camping-labaroche.alsace\/wp-content\/uploads\/2025\/10\/services-vacances-deux-hohnack-alsace_05-1080x720.webp 1080w, https:\/\/camping-labaroche.alsace\/wp-content\/uploads\/2025\/10\/services-vacances-deux-hohnack-alsace_05-720x480.webp 720w\" sizes=\"(max-width: 1024px) 100vw, 1024px\" \/><\/figure>\n<\/div>\n<\/div>\n\n\n\n<figure class=\"wp-block-image size-full lab-bird picto-lab wp-duotone-white\"><img alt=\"\" decoding=\"async\" src=\"https:\/\/camping-labaroche.alsace\/wp-content\/themes\/horizon-marketing-child\/assets\/img\/oiseau.svg\" alt=\"\" class=\"wp-image-218\" title=\"\"\/><\/figure>\n<\/div>\n\n\n\n<div class=\"wp-block-group alignfull hrz-galerie-1 is-layout-flow wp-block-group-is-layout-flow\" style=\"padding-top:0;padding-bottom:0\">\n<div class=\"wp-block-cover alignfull hrz-galerie-1-cover is-style-default\" style=\"margin-top:0;margin-bottom:0;padding-top:var(--wp--preset--spacing--xl);padding-right:var(--wp--preset--spacing--m);padding-bottom:var(--wp--preset--spacing--xl);padding-left:var(--wp--preset--spacing--m)\"><img alt=\"\" decoding=\"async\" width=\"1024\" height=\"683\" class=\"wp-block-cover__image-background wp-image-506 size-large\" alt=\"\" src=\"https:\/\/camping-labaroche.alsace\/wp-content\/uploads\/2025\/10\/emplacements-vacances-deux-hohnack-alsace_15-1024x683.jpg\" data-object-fit=\"cover\" srcset=\"https:\/\/camping-labaroche.alsace\/wp-content\/uploads\/2025\/10\/emplacements-vacances-deux-hohnack-alsace_15-1024x683.jpg 1024w, https:\/\/camping-labaroche.alsace\/wp-content\/uploads\/2025\/10\/emplacements-vacances-deux-hohnack-alsace_15-300x200.jpg 300w, https:\/\/camping-labaroche.alsace\/wp-content\/uploads\/2025\/10\/emplacements-vacances-deux-hohnack-alsace_15-768x512.jpg 768w, https:\/\/camping-labaroche.alsace\/wp-content\/uploads\/2025\/10\/emplacements-vacances-deux-hohnack-alsace_15-1440x960.jpg 1440w, https:\/\/camping-labaroche.alsace\/wp-content\/uploads\/2025\/10\/emplacements-vacances-deux-hohnack-alsace_15-1080x720.jpg 1080w, https:\/\/camping-labaroche.alsace\/wp-content\/uploads\/2025\/10\/emplacements-vacances-deux-hohnack-alsace_15-720x480.jpg 720w, https:\/\/camping-labaroche.alsace\/wp-content\/uploads\/2025\/10\/emplacements-vacances-deux-hohnack-alsace_15.jpg 1620w\" sizes=\"(max-width: 1024px) 100vw, 1024px\" \/><span aria-hidden=\"true\" class=\"wp-block-cover__background has-real-black-background-color has-background-dim\"><\/span><div class=\"wp-block-cover__inner-container is-layout-flow wp-block-cover-is-layout-flow\">\n<p class=\"has-text-align-right is-style-lab-p--subtitle has-real-white-color has-text-color has-link-color has-xxxxl-font-size wp-elements-e732ac785ce06e2d4e3b0d27d19322da\">Alles Notwendige f\u00fcr einen sorgenfreien Aufenthalt<\/p>\n\n\n\n<h2 class=\"wp-block-heading has-text-align-right is-style-lab-title--sub has-ternary-color has-text-color has-link-color wp-elements-27501bb757961358bec27f29d227216c\" style=\"margin-bottom:var(--wp--preset--spacing--s)\">Campingplatz mit 2-Sterne-Service in Colmar im Haut-Rhin<\/h2>\n\n\n\n<p class=\"has-text-align-right is-style-lab-p--base has-real-white-color has-text-color has-link-color wp-elements-61ee93c09e787d565691991b8716bdc9\">Der <strong>Camping Les 2 Hohnack Labaroche<\/strong>, 20 Minuten westlich von Colmar im Haut-Rhin im Elsass gelegen, zeichnet sich durch die Qualit\u00e4t und Vielfalt seiner Dienstleistungen aus. Schon bei Ihrer Ankunft werden Sie in einer herzlichen und freundlichen Atmosph\u00e4re empfangen. Der Campingplatz bietet eine umfassende Palette moderner Einrichtungen, um Ihren Komfort w\u00e4hrend Ihres gesamten Aufenthalts zu gew\u00e4hrleisten. Die ger\u00e4umigen und gut ausgestatteten Stellpl\u00e4tze sind perfekt f\u00fcr Zelte, Wohnwagen und Wohnmobile und bieten eine atemberaubende Aussicht auf die umliegende Landschaft.   <br\/><br\/>F\u00fcr Freizeitliebhaber verf\u00fcgt der Campingplatz \u00fcber einen beheizten Pool, ideal zur Abk\u00fchlung nach einem Entdeckungstag. Auch f\u00fcr Kinder ist gesorgt, mit einem sicheren Spielplatz und organisierten Aktivit\u00e4ten zur Unterhaltung. Sportbegeisterte k\u00f6nnen die Sportpl\u00e4tze nutzen, um sich auszutoben und gesellige Momente mit Familie oder Freunden zu verbringen.  <br\/><br\/>Die N\u00e4he zu Colmar und den malerischen D\u00f6rfern der Region erm\u00f6glicht es Ihnen, das Elsass mit seinen Weinbergen, traditionellen M\u00e4rkten und kulturellen Reicht\u00fcmern zu entdecken. Der Campingplatz bietet auch Ausfl\u00fcge und gef\u00fchrte Touren an, um Sie vollst\u00e4ndig in die lokale Kultur einzutauchen. <\/p>\n<\/div><\/div>\n\n\n\n<figure class=\"wp-block-image size-full butterfly picto-lab wp-duotone-white\"><img alt=\"\" decoding=\"async\" src=\"https:\/\/camping-labaroche.alsace\/wp-content\/themes\/horizon-marketing-child\/assets\/img\/papillon.svg\" alt=\"\" class=\"wp-image-219\"\/><\/figure>\n<\/div>\n\n\n\n<div class=\"wp-block-group alignfull is-style-lab-grp--dark lab-bloc-5 has-global-padding is-layout-constrained wp-container-core-group-is-layout-153433f7 wp-block-group-is-layout-constrained\" style=\"padding-top:var(--wp--preset--spacing--xxl);padding-bottom:var(--wp--preset--spacing--xxl)\">\n<figure class=\"wp-block-image size-full is-resized lab-rando picto-lab\"><img alt=\"\" decoding=\"async\" src=\"https:\/\/camping-labaroche.alsace\/wp-content\/themes\/horizon-marketing-child\/assets\/img\/rando.svg\" alt=\"\" class=\"wp-image-239\" style=\"width:auto;height:637px\"\/><\/figure>\n\n\n\n<div class=\"wp-block-group has-global-padding is-layout-constrained wp-container-core-group-is-layout-41c22256 wp-block-group-is-layout-constrained\" style=\"padding-right:var(--wp--preset--spacing--l);padding-left:var(--wp--preset--spacing--l)\">\n<p class=\"has-text-align-center is-style-lab-p--subtitle has-text-primary-color has-text-color has-link-color wp-elements-a4ff5cf354f071db55c2471ba67ee874\">Ein verf\u00fcgbares Team, um Ihren Urlaub zu vereinfachen<\/p>\n\n\n\n<h2 class=\"wp-block-heading has-text-align-center is-style-lab-title--sub has-ternary-color has-text-color has-link-color wp-elements-45a29705be3b4bd1670022c86581d650\">Dienstleistungen der Rezeption<\/h2>\n\n\n\n<p class=\"has-text-align-center is-style-lab-p--base has-text-primary-color has-text-color has-link-color wp-elements-8606b2007a1a1fc078178c112915185b\" style=\"margin-top:var(--wp--preset--spacing--s);margin-bottom:var(--wp--preset--spacing--m)\">Die Rezeption des <strong>Camping Les 2 Hohnack Labaroche<\/strong> ist das schlagende Herz Ihres Aufenthalts. T\u00e4glich ge\u00f6ffnet, ist sie der Ausgangspunkt f\u00fcr all Ihre Abenteuer. Das Personal, immer aufmerksam, ist da, um Sie zu beraten und Ihnen bei der Organisation Ihrer Aktivit\u00e4ten zu helfen. Ob Sie Informationen zu Wanderungen in der N\u00e4he ben\u00f6tigen, einen Tisch in einem lokalen Restaurant reservieren oder ein Fahrrad mieten m\u00f6chten, um die Umgebung zu erkunden \u2013 das Rezeptionsteam ist f\u00fcr Sie da.   <br\/><br\/>Der Campingplatz bietet Ihnen auch einen Materialverleih, um Ihren Aufenthalt zu erleichtern. Ob f\u00fcr ein Barbecue mit Freunden oder f\u00fcr zus\u00e4tzliche Campingausr\u00fcstung, an der Rezeption finden Sie alles, was Sie brauchen. <br\/><br\/>Dar\u00fcber hinaus sind Ihre Brote und Backwaren bei einfacher Bestellung am Vortag vor 22 Uhr am n\u00e4chsten Morgen ab 8 Uhr an der Rezeption erh\u00e4ltlich.<br\/><br\/>Schlie\u00dflich bietet der Campingplatz kostenloses WLAN in den Gemeinschaftsbereichen, um mit Ihren Lieben in Verbindung zu bleiben oder Ihre Ausfl\u00fcge zu planen. So k\u00f6nnen Sie Ihre Gl\u00fccksmomente in Echtzeit teilen und den Kontakt zur Au\u00dfenwelt halten, w\u00e4hrend Sie die Ruhe des Ortes genie\u00dfen. <br\/><br\/>Zusammenfassend l\u00e4sst sich sagen, dass der <strong>Camping Les 2 Hohnack Labaroche<\/strong> weit mehr als nur eine Unterkunft ist. Es ist eine Einladung, das Elsass neu zu entdecken, mit hochwertigen Dienstleistungen, die jeden Moment einzigartig machen. Ob Sie mit der Familie, mit Freunden oder als Paar reisen, dieser 2-Sterne-Campingplatz in Labaroche und nur 20 Minuten westlich von Colmar verspricht Ihnen einen Urlaub voller Entdeckungen und Emotionen. Warten Sie nicht l\u00e4nger, um Ihren Aufenthalt zu buchen, und erleben Sie eine unvergessliche Erfahrung im Herzen des Haut-Rhin.   <\/p>\n<\/div>\n\n\n\n<div style=\"height:var(--wp--preset--spacing--xxl)\" aria-hidden=\"true\" class=\"wp-block-spacer\"><\/div>\n\n\n\n<div class=\"wp-block-group alignfull hrz-responsive-group is-layout-flow wp-block-group-is-layout-flow\" style=\"padding-right:var(--wp--preset--spacing--xxxl);padding-left:var(--wp--preset--spacing--xxxl)\">\n<div class=\"wp-block-group alignfull swiper swiper-slider-3 is-layout-flow wp-block-group-is-layout-flow\" style=\"margin-top:0;margin-bottom:0;padding-top:0;padding-right:0;padding-bottom:0;padding-left:0\">\n<div class=\"wp-block-group swiper-wrapper is-content-justification-center is-nowrap is-layout-flex wp-container-core-group-is-layout-b3c532de wp-block-group-is-layout-flex\" style=\"margin-top:0;margin-bottom:0;padding-top:0;padding-right:0;padding-bottom:0;padding-left:0\">\n<div class=\"wp-block-group swiper-slide has-global-padding is-layout-constrained wp-block-group-is-layout-constrained\">\n<figure data-wp-context=\"{&quot;imageId&quot;:&quot;69e5d7fa553a8&quot;}\" data-wp-interactive=\"core\/image\" class=\"wp-block-image size-large wp-lightbox-container\"><img alt=\"\" decoding=\"async\" width=\"1024\" height=\"683\" data-wp-class--hide=\"state.isContentHidden\" data-wp-class--show=\"state.isContentVisible\" data-wp-init=\"callbacks.setButtonStyles\" data-wp-on-async--click=\"actions.showLightbox\" data-wp-on-async--load=\"callbacks.setButtonStyles\" data-wp-on-async-window--resize=\"callbacks.setButtonStyles\" src=\"https:\/\/camping-labaroche.alsace\/wp-content\/uploads\/2025\/10\/services-vacances-deux-hohnack-alsace_01-1024x683.webp\" alt=\"\" class=\"wp-image-524\" style=\"aspect-ratio:4\/3;object-fit:cover\" srcset=\"https:\/\/camping-labaroche.alsace\/wp-content\/uploads\/2025\/10\/services-vacances-deux-hohnack-alsace_01-1024x683.webp 1024w, https:\/\/camping-labaroche.alsace\/wp-content\/uploads\/2025\/10\/services-vacances-deux-hohnack-alsace_01-300x200.webp 300w, https:\/\/camping-labaroche.alsace\/wp-content\/uploads\/2025\/10\/services-vacances-deux-hohnack-alsace_01-768x512.webp 768w, https:\/\/camping-labaroche.alsace\/wp-content\/uploads\/2025\/10\/services-vacances-deux-hohnack-alsace_01-1440x960.webp 1440w, https:\/\/camping-labaroche.alsace\/wp-content\/uploads\/2025\/10\/services-vacances-deux-hohnack-alsace_01-1080x720.webp 1080w, https:\/\/camping-labaroche.alsace\/wp-content\/uploads\/2025\/10\/services-vacances-deux-hohnack-alsace_01-720x480.webp 720w\" sizes=\"(max-width: 1024px) 100vw, 1024px\" \/><button\n\t\t\tclass=\"lightbox-trigger\"\n\t\t\ttype=\"button\"\n\t\t\taria-haspopup=\"dialog\"\n\t\t\taria-label=\"Enlarge\"\n\t\t\tdata-wp-init=\"callbacks.initTriggerButton\"\n\t\t\tdata-wp-on-async--click=\"actions.showLightbox\"\n\t\t\tdata-wp-style--right=\"state.imageButtonRight\"\n\t\t\tdata-wp-style--top=\"state.imageButtonTop\"\n\t\t>\n\t\t\t<svg xmlns=\"http:\/\/www.w3.org\/2000\/svg\" width=\"12\" height=\"12\" fill=\"none\" viewBox=\"0 0 12 12\">\n\t\t\t\t<path fill=\"#fff\" d=\"M2 0a2 2 0 0 0-2 2v2h1.5V2a.5.5 0 0 1 .5-.5h2V0H2Zm2 10.5H2a.5.5 0 0 1-.5-.5V8H0v2a2 2 0 0 0 2 2h2v-1.5ZM8 12v-1.5h2a.5.5 0 0 0 .5-.5V8H12v2a2 2 0 0 1-2 2H8Zm2-12a2 2 0 0 1 2 2v2h-1.5V2a.5.5 0 0 0-.5-.5H8V0h2Z\" \/>\n\t\t\t<\/svg>\n\t\t<\/button><\/figure>\n<\/div>\n\n\n\n<div class=\"wp-block-group swiper-slide has-global-padding is-layout-constrained wp-block-group-is-layout-constrained\">\n<figure data-wp-context=\"{&quot;imageId&quot;:&quot;69e5d7fa56747&quot;}\" data-wp-interactive=\"core\/image\" class=\"wp-block-image size-large wp-lightbox-container\"><img alt=\"\" decoding=\"async\" width=\"1024\" height=\"683\" data-wp-class--hide=\"state.isContentHidden\" data-wp-class--show=\"state.isContentVisible\" data-wp-init=\"callbacks.setButtonStyles\" data-wp-on-async--click=\"actions.showLightbox\" data-wp-on-async--load=\"callbacks.setButtonStyles\" data-wp-on-async-window--resize=\"callbacks.setButtonStyles\" src=\"https:\/\/camping-labaroche.alsace\/wp-content\/uploads\/2025\/10\/emplacements-vacances-deux-hohnack-alsace_11-1024x683.jpg\" alt=\"\" class=\"wp-image-518\" style=\"aspect-ratio:4\/3;object-fit:cover\" srcset=\"https:\/\/camping-labaroche.alsace\/wp-content\/uploads\/2025\/10\/emplacements-vacances-deux-hohnack-alsace_11-1024x683.jpg 1024w, https:\/\/camping-labaroche.alsace\/wp-content\/uploads\/2025\/10\/emplacements-vacances-deux-hohnack-alsace_11-300x200.jpg 300w, https:\/\/camping-labaroche.alsace\/wp-content\/uploads\/2025\/10\/emplacements-vacances-deux-hohnack-alsace_11-768x512.jpg 768w, https:\/\/camping-labaroche.alsace\/wp-content\/uploads\/2025\/10\/emplacements-vacances-deux-hohnack-alsace_11-1440x960.jpg 1440w, https:\/\/camping-labaroche.alsace\/wp-content\/uploads\/2025\/10\/emplacements-vacances-deux-hohnack-alsace_11-1080x720.jpg 1080w, https:\/\/camping-labaroche.alsace\/wp-content\/uploads\/2025\/10\/emplacements-vacances-deux-hohnack-alsace_11-720x480.jpg 720w, https:\/\/camping-labaroche.alsace\/wp-content\/uploads\/2025\/10\/emplacements-vacances-deux-hohnack-alsace_11.jpg 1620w\" sizes=\"(max-width: 1024px) 100vw, 1024px\" \/><button\n\t\t\tclass=\"lightbox-trigger\"\n\t\t\ttype=\"button\"\n\t\t\taria-haspopup=\"dialog\"\n\t\t\taria-label=\"Enlarge\"\n\t\t\tdata-wp-init=\"callbacks.initTriggerButton\"\n\t\t\tdata-wp-on-async--click=\"actions.showLightbox\"\n\t\t\tdata-wp-style--right=\"state.imageButtonRight\"\n\t\t\tdata-wp-style--top=\"state.imageButtonTop\"\n\t\t>\n\t\t\t<svg xmlns=\"http:\/\/www.w3.org\/2000\/svg\" width=\"12\" height=\"12\" fill=\"none\" viewBox=\"0 0 12 12\">\n\t\t\t\t<path fill=\"#fff\" d=\"M2 0a2 2 0 0 0-2 2v2h1.5V2a.5.5 0 0 1 .5-.5h2V0H2Zm2 10.5H2a.5.5 0 0 1-.5-.5V8H0v2a2 2 0 0 0 2 2h2v-1.5ZM8 12v-1.5h2a.5.5 0 0 0 .5-.5V8H12v2a2 2 0 0 1-2 2H8Zm2-12a2 2 0 0 1 2 2v2h-1.5V2a.5.5 0 0 0-.5-.5H8V0h2Z\" \/>\n\t\t\t<\/svg>\n\t\t<\/button><\/figure>\n<\/div>\n\n\n\n<div class=\"wp-block-group swiper-slide has-global-padding is-layout-constrained wp-block-group-is-layout-constrained\">\n<figure data-wp-context=\"{&quot;imageId&quot;:&quot;69e5d7fa575f2&quot;}\" data-wp-interactive=\"core\/image\" class=\"wp-block-image size-large wp-lightbox-container\"><img alt=\"\" decoding=\"async\" width=\"1024\" height=\"683\" data-wp-class--hide=\"state.isContentHidden\" data-wp-class--show=\"state.isContentVisible\" data-wp-init=\"callbacks.setButtonStyles\" data-wp-on-async--click=\"actions.showLightbox\" data-wp-on-async--load=\"callbacks.setButtonStyles\" data-wp-on-async-window--resize=\"callbacks.setButtonStyles\" src=\"https:\/\/camping-labaroche.alsace\/wp-content\/uploads\/2025\/10\/services-vacances-deux-hohnack-alsace_03-1024x683.webp\" alt=\"\" class=\"wp-image-526\" style=\"aspect-ratio:4\/3;object-fit:cover\" srcset=\"https:\/\/camping-labaroche.alsace\/wp-content\/uploads\/2025\/10\/services-vacances-deux-hohnack-alsace_03-1024x683.webp 1024w, https:\/\/camping-labaroche.alsace\/wp-content\/uploads\/2025\/10\/services-vacances-deux-hohnack-alsace_03-300x200.webp 300w, https:\/\/camping-labaroche.alsace\/wp-content\/uploads\/2025\/10\/services-vacances-deux-hohnack-alsace_03-768x512.webp 768w, https:\/\/camping-labaroche.alsace\/wp-content\/uploads\/2025\/10\/services-vacances-deux-hohnack-alsace_03-1440x960.webp 1440w, https:\/\/camping-labaroche.alsace\/wp-content\/uploads\/2025\/10\/services-vacances-deux-hohnack-alsace_03-1080x720.webp 1080w, https:\/\/camping-labaroche.alsace\/wp-content\/uploads\/2025\/10\/services-vacances-deux-hohnack-alsace_03-720x480.webp 720w, https:\/\/camping-labaroche.alsace\/wp-content\/uploads\/2025\/10\/services-vacances-deux-hohnack-alsace_03.webp 1620w\" sizes=\"(max-width: 1024px) 100vw, 1024px\" \/><button\n\t\t\tclass=\"lightbox-trigger\"\n\t\t\ttype=\"button\"\n\t\t\taria-haspopup=\"dialog\"\n\t\t\taria-label=\"Enlarge\"\n\t\t\tdata-wp-init=\"callbacks.initTriggerButton\"\n\t\t\tdata-wp-on-async--click=\"actions.showLightbox\"\n\t\t\tdata-wp-style--right=\"state.imageButtonRight\"\n\t\t\tdata-wp-style--top=\"state.imageButtonTop\"\n\t\t>\n\t\t\t<svg xmlns=\"http:\/\/www.w3.org\/2000\/svg\" width=\"12\" height=\"12\" fill=\"none\" viewBox=\"0 0 12 12\">\n\t\t\t\t<path fill=\"#fff\" d=\"M2 0a2 2 0 0 0-2 2v2h1.5V2a.5.5 0 0 1 .5-.5h2V0H2Zm2 10.5H2a.5.5 0 0 1-.5-.5V8H0v2a2 2 0 0 0 2 2h2v-1.5ZM8 12v-1.5h2a.5.5 0 0 0 .5-.5V8H12v2a2 2 0 0 1-2 2H8Zm2-12a2 2 0 0 1 2 2v2h-1.5V2a.5.5 0 0 0-.5-.5H8V0h2Z\" \/>\n\t\t\t<\/svg>\n\t\t<\/button><\/figure>\n<\/div>\n<\/div>\n\n\n\n<div class=\"wp-block-group is-relative is-content-justification-center is-nowrap is-layout-flex wp-container-core-group-is-layout-162fa8d3 wp-block-group-is-layout-flex\" style=\"padding-top:var(--wp--preset--spacing--m);padding-left:0\">\n<div class=\"wp-block-group hrz-slider-3-button-prev hrz-slider-arrow has-primary-background-color has-background has-global-padding is-layout-constrained wp-block-group-is-layout-constrained\" style=\"border-radius:8px\">\n<div class=\"wp-block-outermost-icon-block\"><div class=\"icon-container has-icon-color has-background-color\" style=\"color:#FFFFFF;width:25px;transform:rotate(0deg) scaleX(1) scaleY(1)\"><svg xmlns=\"http:\/\/www.w3.org\/2000\/svg\" viewbox=\"0 0 640 640\"><path d=\"M73.4 297.4C60.9 309.9 60.9 330.2 73.4 342.7L233.4 502.7C245.9 515.2 266.2 515.2 278.7 502.7C291.2 490.2 291.2 469.9 278.7 457.4L173.3 352L544 352C561.7 352 576 337.7 576 320C576 302.3 561.7 288 544 288L173.3 288L278.7 182.6C291.2 170.1 291.2 149.8 278.7 137.3C266.2 124.8 245.9 124.8 233.4 137.3L73.4 297.3z\"><\/path><\/svg><\/div><\/div>\n<\/div>\n\n\n\n<div class=\"wp-block-group hrz-slider-3-button-next hrz-slider-arrow has-primary-background-color has-background has-global-padding is-layout-constrained wp-block-group-is-layout-constrained\" style=\"border-radius:8px\">\n<div class=\"wp-block-outermost-icon-block\"><div class=\"icon-container has-icon-color has-background-color\" style=\"color:#FFFFFF;width:25px;transform:rotate(0deg) scaleX(1) scaleY(1)\"><svg xmlns=\"http:\/\/www.w3.org\/2000\/svg\" viewbox=\"0 0 640 640\"><path d=\"M566.6 342.6C579.1 330.1 579.1 309.8 566.6 297.3L406.6 137.3C394.1 124.8 373.8 124.8 361.3 137.3C348.8 149.8 348.8 170.1 361.3 182.6L466.7 288L96 288C78.3 288 64 302.3 64 320C64 337.7 78.3 352 96 352L466.7 352L361.3 457.4C348.8 469.9 348.8 490.2 361.3 502.7C373.8 515.2 394.1 515.2 406.6 502.7L566.6 342.7z\"><\/path><\/svg><\/div><\/div>\n<\/div>\n<\/div>\n<\/div>\n<\/div>\n<\/div>\n<\/div>\n","protected":false},"excerpt":{"rendered":"<p>Das Wichtigste griffbereit Au\u00dfergew\u00f6hnlicher Aufenthalt zwischen Weinbergen und Bergen 2-Sterne-Campingplatz in Colmar Willkommen auf dem Camping Les 2 Hohnack Labaroche, einem Ort, an dem jedes Detail darauf ausgelegt ist, Ihren Aufenthalt so angenehm wie m\u00f6glich zu gestalten. Dieser 2-Sterne-Campingplatz in Labaroche, im D\u00e9partement Haut-Rhin gelegen und 20 Minuten westlich von Colmar im Elsass, bietet Ihnen [&hellip;]<\/p>\n","protected":false},"author":1,"featured_media":0,"parent":0,"menu_order":11,"comment_status":"closed","ping_status":"closed","template":"page-no-title","meta":{"_acf_changed":false,"_seopress_robots_primary_cat":"","_seopress_titles_title":"2-Sterne-Campingplatz Colmar | Campingplatz mit erstklassigen Dienstleistungen im Oberelsass","_seopress_titles_desc":"Verbringen Sie einen Traumurlaub auf einem 2-Sterne-Campingplatz in Colmar mit erstklassigen Leistungen, in einer au\u00dfergew\u00f6hnlichen Umgebung im Oberelsass.","_seopress_robots_index":"","footnotes":""},"class_list":["post-706","page","type-page","status-publish","hentry"],"acf":[],"_links":{"self":[{"href":"https:\/\/camping-labaroche.alsace\/de\/wp-json\/wp\/v2\/pages\/706","targetHints":{"allow":["GET"]}}],"collection":[{"href":"https:\/\/camping-labaroche.alsace\/de\/wp-json\/wp\/v2\/pages"}],"about":[{"href":"https:\/\/camping-labaroche.alsace\/de\/wp-json\/wp\/v2\/types\/page"}],"author":[{"embeddable":true,"href":"https:\/\/camping-labaroche.alsace\/de\/wp-json\/wp\/v2\/users\/1"}],"replies":[{"embeddable":true,"href":"https:\/\/camping-labaroche.alsace\/de\/wp-json\/wp\/v2\/comments?post=706"}],"version-history":[{"count":4,"href":"https:\/\/camping-labaroche.alsace\/de\/wp-json\/wp\/v2\/pages\/706\/revisions"}],"predecessor-version":[{"id":1577,"href":"https:\/\/camping-labaroche.alsace\/de\/wp-json\/wp\/v2\/pages\/706\/revisions\/1577"}],"wp:attachment":[{"href":"https:\/\/camping-labaroche.alsace\/de\/wp-json\/wp\/v2\/media?parent=706"}],"curies":[{"name":"wp","href":"https:\/\/api.w.org\/{rel}","templated":true}]}}