{"id":681,"date":"2025-09-29T07:52:15","date_gmt":"2025-09-29T07:52:15","guid":{"rendered":"https:\/\/camping-labaroche.alsace\/activites\/"},"modified":"2025-10-31T10:07:36","modified_gmt":"2025-10-31T10:07:36","slug":"activites","status":"publish","type":"page","link":"https:\/\/camping-labaroche.alsace\/de\/camping-2-etoiles-colmar\/activites\/","title":{"rendered":"Aktivit\u00e4ten"},"content":{"rendered":"\n<div class=\"wp-block-group alignfull is-layout-flow wp-block-group-is-layout-flow\">\n<div style=\"background-image:url(&#039;https:\/\/camping-labaroche.alsace\/wp-content\/uploads\/2025\/10\/AdobeStock_650298140-scaled.webp&#039;);background-size:cover;\" class=\"wp-block-group alignfull hero-lab has-global-padding is-layout-constrained wp-container-core-group-is-layout-4bba424a wp-block-group-is-layout-constrained has-background\">\n<p class=\"has-text-align-center is-style-default has-white-color has-text-color has-link-color has-ternary-font-family has-xl-font-size wp-elements-68665a50f516015672e409b3242558da\">Freizeit, Natur<\/p>\n\n\n\n<p class=\"has-text-align-center has-white-color has-text-color has-link-color has-secondary-font-family has-l-font-size wp-elements-aa614a9dc9cb627d04aa83aeb1f5b73e\" style=\"font-style:normal;font-weight:400\"><strong>und Geselligkeit<\/strong><\/p>\n<\/div>\n\n\n\n<div class=\"wp-block-group alignfull hrz-contenus-3 is-style-lab-grp--darker has-global-padding is-layout-constrained wp-container-core-group-is-layout-ca8a03b0 wp-block-group-is-layout-constrained\" style=\"padding-top:18rem;padding-bottom:18rem\">\n<div class=\"wp-block-columns alignwide are-vertically-aligned-top hrz-responsive-col is-style-hrz-reponsive-order hrz-contenus-3-contenus min-height is-layout-flex wp-container-core-columns-is-layout-3f562962 wp-block-columns-is-layout-flex\" style=\"margin-top:0;margin-bottom:0;padding-top:0;padding-right:var(--wp--preset--spacing--xxl);padding-bottom:0;padding-left:var(--wp--preset--spacing--xxl)\">\n<div class=\"wp-block-column is-vertically-aligned-top is-layout-flow wp-block-column-is-layout-flow\" style=\"padding-top:0;padding-right:0;padding-bottom:0;padding-left:0\">\n<p class=\"is-style-lab-p--subtitle has-text-primary-color has-text-color has-link-color wp-elements-eeec8df7a9477b8ed1066f6273b70b72\">Ein aktiver Aufenthalt in gr\u00fcner Umgebung<\/p>\n\n\n\n<h1 class=\"wp-block-heading is-style-lab-title--sub has-ternary-color has-text-color has-link-color wp-elements-2ab28f2979c089babc3fbebe1d9bf71b\" style=\"margin-bottom:var(--wp--preset--spacing--s)\">Camping mit Aktivit\u00e4ten in Colmar<\/h1>\n\n\n\n<p class=\"is-style-lab-p--base has-text-primary-color has-text-color has-link-color wp-elements-fe93e08a463b9e1f64f47bb0da7eb9de\">Lust auf einen abwechslungsreichen Urlaub zwischen Natur, Sport und gemeinsamen Momenten? Nur einen Katzensprung von Colmar entfernt empf\u00e4ngt Sie unser Campingplatz in einer gr\u00fcnen und freundlichen Umgebung, ideal f\u00fcr Outdoor-Aktivit\u00e4ten. Ob Sie mit der Familie, als Paar oder mit Freunden kommen, es ist alles darauf ausgelegt, dass jeder etwas zum Spa\u00df haben, sich austoben oder einfach nur genie\u00dfen findet.  <\/p>\n<\/div>\n\n\n\n<div class=\"wp-block-column is-vertically-aligned-top is-layout-flow wp-block-column-is-layout-flow\">\n<figure class=\"wp-block-image size-large is-resized\"><img alt=\"\" decoding=\"async\" width=\"1024\" height=\"683\" src=\"https:\/\/camping-labaroche.alsace\/wp-content\/uploads\/2025\/10\/AdobeStock_366904336-1024x683.webp\" alt=\"\" class=\"wp-image-547\" style=\"object-fit:cover;width:700px;height:652px\" srcset=\"https:\/\/camping-labaroche.alsace\/wp-content\/uploads\/2025\/10\/AdobeStock_366904336-1024x683.webp 1024w, https:\/\/camping-labaroche.alsace\/wp-content\/uploads\/2025\/10\/AdobeStock_366904336-300x200.webp 300w, https:\/\/camping-labaroche.alsace\/wp-content\/uploads\/2025\/10\/AdobeStock_366904336-768x512.webp 768w, https:\/\/camping-labaroche.alsace\/wp-content\/uploads\/2025\/10\/AdobeStock_366904336-1440x960.webp 1440w, https:\/\/camping-labaroche.alsace\/wp-content\/uploads\/2025\/10\/AdobeStock_366904336-1080x720.webp 1080w, https:\/\/camping-labaroche.alsace\/wp-content\/uploads\/2025\/10\/AdobeStock_366904336-720x480.webp 720w\" sizes=\"(max-width: 1024px) 100vw, 1024px\" \/><\/figure>\n<\/div>\n<\/div>\n\n\n\n<div class=\"wp-block-columns alignwide is-not-stacked-on-mobile hrz-contenus-3-absolute is-layout-flex wp-container-core-columns-is-layout-fbf367b2 wp-block-columns-is-layout-flex\" style=\"padding-top:var(--wp--preset--spacing--xxxxxl);padding-right:var(--wp--preset--spacing--xxxxxl);padding-left:var(--wp--preset--spacing--xxl)\">\n<div class=\"wp-block-column is-layout-flow wp-block-column-is-layout-flow\">\n<figure class=\"wp-block-image size-large is-resized\"><img alt=\"\" decoding=\"async\" width=\"1024\" height=\"681\" src=\"https:\/\/camping-labaroche.alsace\/wp-content\/uploads\/2025\/10\/AdobeStock_520323447-1024x681.webp\" alt=\"\" class=\"wp-image-548\" style=\"aspect-ratio:4\/3;object-fit:cover;width:516px\" srcset=\"https:\/\/camping-labaroche.alsace\/wp-content\/uploads\/2025\/10\/AdobeStock_520323447-1024x681.webp 1024w, https:\/\/camping-labaroche.alsace\/wp-content\/uploads\/2025\/10\/AdobeStock_520323447-300x200.webp 300w, https:\/\/camping-labaroche.alsace\/wp-content\/uploads\/2025\/10\/AdobeStock_520323447-768x511.webp 768w, https:\/\/camping-labaroche.alsace\/wp-content\/uploads\/2025\/10\/AdobeStock_520323447-720x480.webp 720w\" sizes=\"(max-width: 1024px) 100vw, 1024px\" \/><\/figure>\n<\/div>\n\n\n\n<div class=\"wp-block-column is-layout-flow wp-block-column-is-layout-flow\">\n<figure class=\"wp-block-image size-large is-resized\"><img alt=\"\" decoding=\"async\" width=\"1024\" height=\"683\" src=\"https:\/\/camping-labaroche.alsace\/wp-content\/uploads\/2025\/10\/Camping-Labaroche-11-1024x683.webp\" alt=\"\" class=\"wp-image-551\" style=\"aspect-ratio:4\/3;object-fit:cover;width:516px\" srcset=\"https:\/\/camping-labaroche.alsace\/wp-content\/uploads\/2025\/10\/Camping-Labaroche-11-1024x683.webp 1024w, https:\/\/camping-labaroche.alsace\/wp-content\/uploads\/2025\/10\/Camping-Labaroche-11-300x200.webp 300w, https:\/\/camping-labaroche.alsace\/wp-content\/uploads\/2025\/10\/Camping-Labaroche-11-768x512.webp 768w, https:\/\/camping-labaroche.alsace\/wp-content\/uploads\/2025\/10\/Camping-Labaroche-11-1440x960.webp 1440w, https:\/\/camping-labaroche.alsace\/wp-content\/uploads\/2025\/10\/Camping-Labaroche-11-1080x720.webp 1080w, https:\/\/camping-labaroche.alsace\/wp-content\/uploads\/2025\/10\/Camping-Labaroche-11-720x480.webp 720w, https:\/\/camping-labaroche.alsace\/wp-content\/uploads\/2025\/10\/Camping-Labaroche-11.webp 1620w\" sizes=\"(max-width: 1024px) 100vw, 1024px\" \/><\/figure>\n<\/div>\n<\/div>\n\n\n\n<figure class=\"wp-block-image size-full lab-bird picto-lab wp-duotone-white\"><img alt=\"\" decoding=\"async\" src=\"https:\/\/camping-labaroche.alsace\/wp-content\/themes\/horizon-marketing-child\/assets\/img\/oiseau.svg\" alt=\"\" class=\"wp-image-218\" title=\"\"\/><\/figure>\n<\/div>\n\n\n\n<div class=\"wp-block-group alignfull hrz-galerie-1 is-layout-flow wp-block-group-is-layout-flow\" style=\"padding-top:0;padding-bottom:0\">\n<div class=\"wp-block-cover alignfull hrz-galerie-1-cover is-style-default\" style=\"margin-top:0;margin-bottom:0;padding-top:var(--wp--preset--spacing--xl);padding-right:var(--wp--preset--spacing--m);padding-bottom:var(--wp--preset--spacing--xl);padding-left:var(--wp--preset--spacing--m)\"><img alt=\"\" decoding=\"async\" width=\"1024\" height=\"683\" class=\"wp-block-cover__image-background wp-image-544 size-large\" alt=\"\" src=\"https:\/\/camping-labaroche.alsace\/wp-content\/uploads\/2025\/10\/Camping-Labaroche-15-1024x683.webp\" data-object-fit=\"cover\" srcset=\"https:\/\/camping-labaroche.alsace\/wp-content\/uploads\/2025\/10\/Camping-Labaroche-15-1024x683.webp 1024w, https:\/\/camping-labaroche.alsace\/wp-content\/uploads\/2025\/10\/Camping-Labaroche-15-300x200.webp 300w, https:\/\/camping-labaroche.alsace\/wp-content\/uploads\/2025\/10\/Camping-Labaroche-15-768x512.webp 768w, https:\/\/camping-labaroche.alsace\/wp-content\/uploads\/2025\/10\/Camping-Labaroche-15-1440x960.webp 1440w, https:\/\/camping-labaroche.alsace\/wp-content\/uploads\/2025\/10\/Camping-Labaroche-15-1080x720.webp 1080w, https:\/\/camping-labaroche.alsace\/wp-content\/uploads\/2025\/10\/Camping-Labaroche-15-720x480.webp 720w, https:\/\/camping-labaroche.alsace\/wp-content\/uploads\/2025\/10\/Camping-Labaroche-15.webp 1620w\" sizes=\"(max-width: 1024px) 100vw, 1024px\" \/><span aria-hidden=\"true\" class=\"wp-block-cover__background has-real-black-background-color has-background-dim\"><\/span><div class=\"wp-block-cover__inner-container is-layout-flow wp-block-cover-is-layout-flow\">\n<p class=\"has-text-align-right is-style-lab-p--subtitle has-real-white-color has-text-color has-link-color has-xxxxl-font-size wp-elements-b38be46f85ec6260c4c9137d4b6a8748\">In der N\u00e4he von Colmar \u00fcbernachten, gemeinsam Spa\u00df haben<\/p>\n\n\n\n<h2 class=\"wp-block-heading has-text-align-right is-style-lab-title--sub has-ternary-color has-text-color has-link-color wp-elements-cc1472bd15d9fec2b316494584da3ec2\" style=\"margin-bottom:var(--wp--preset--spacing--s)\">Camping mit Aktivit\u00e4ten f\u00fcr die ganze Familie in Colmar im Haut-Rhin<\/h2>\n\n\n\n<p class=\"has-text-align-right is-style-lab-p--base has-real-white-color has-text-color has-link-color wp-elements-49be6c82cbba1a3c1d9f0a1254561f1d\">Willkommen auf dem <strong>Camping Les 2 Hohnack Labaroche<\/strong>, einem Ort, an dem jedes Familienmitglied sein Gl\u00fcck findet. Eingebettet im D\u00e9partement Haut-Rhin ist dieser Campingplatz ideal gelegen f\u00fcr alle, die die Sch\u00f6nheit der Region entdecken und gleichzeitig eine Vielzahl von Aktivit\u00e4ten vor Ort genie\u00dfen m\u00f6chten. Ob Sie Entspannung oder Abenteuer suchen, dieser Campingplatz bietet Ihnen eine Palette an Aktivit\u00e4ten, die all Ihre W\u00fcnsche erf\u00fcllen werden.  <br\/><br\/>In der N\u00e4he von Colmar profitieren Sie sowohl von einer unber\u00fchrten Naturkulisse als auch vom kulturellen Reichtum des Elsass. Familien k\u00f6nnen zwischen entspannten Tagen auf dem Campingplatz und Ausfl\u00fcgen in die umliegenden typischen D\u00f6rfer wechseln. Der Platz empf\u00e4ngt sowohl Kinder als auch Erwachsene mit altersgerechten Einrichtungen und f\u00f6rdert so gemeinsame Erlebnisse. Die gr\u00fcne Umgebung, die reine Luft der Vogesen und die gesellige Atmosph\u00e4re machen den <strong>Camping Les 2 Hohnack Labaroche<\/strong> zu einem idealen Ziel, um neue Kraft zu sch\u00f6pfen und gleichzeitig Spa\u00df zu haben.   <br\/><br\/>Camper k\u00f6nnen auch die N\u00e4he zu wichtigen touristischen Sehensw\u00fcrdigkeiten nutzen und kehren doch jeden Abend zur Ruhe und Gelassenheit des Campingplatzes zur\u00fcck. Eine perfekte Kombination f\u00fcr einen gelungenen Familienurlaub in einer warmen und erholsamen Atmosph\u00e4re. <\/p>\n<\/div><\/div>\n\n\n\n<figure class=\"wp-block-image size-full butterfly picto-lab wp-duotone-white\"><img alt=\"\" decoding=\"async\" src=\"https:\/\/camping-labaroche.alsace\/wp-content\/themes\/horizon-marketing-child\/assets\/img\/papillon.svg\" alt=\"\" class=\"wp-image-219\"\/><\/figure>\n<\/div>\n\n\n\n<div class=\"wp-block-group alignfull is-style-lab-grp--dark lab-bloc-5 has-global-padding is-layout-constrained wp-container-core-group-is-layout-153433f7 wp-block-group-is-layout-constrained\" style=\"padding-top:var(--wp--preset--spacing--xxl);padding-bottom:var(--wp--preset--spacing--xxl)\">\n<figure class=\"wp-block-image size-full is-resized lab-rando picto-lab\"><img alt=\"\" decoding=\"async\" src=\"https:\/\/camping-labaroche.alsace\/wp-content\/themes\/horizon-marketing-child\/assets\/img\/rando.svg\" alt=\"\" class=\"wp-image-239\" style=\"width:auto;height:637px\"\/><\/figure>\n\n\n\n<div class=\"wp-block-group has-global-padding is-layout-constrained wp-container-core-group-is-layout-41c22256 wp-block-group-is-layout-constrained\" style=\"padding-right:var(--wp--preset--spacing--l);padding-left:var(--wp--preset--spacing--l)\">\n<p class=\"has-text-align-center is-style-lab-p--subtitle has-text-primary-color has-text-color has-link-color wp-elements-26df16668ea0cedeff09e2144443ac01\">Sportliche, kreative und gesellige Aktivit\u00e4ten<\/p>\n\n\n\n<h2 class=\"wp-block-heading has-text-align-center is-style-lab-title--sub has-ternary-color has-text-color has-link-color wp-elements-933b5248dd8215f61e7dfc36b7deba29\">Vielf\u00e4ltige Aktivit\u00e4ten auf dem Campingplatz<\/h2>\n\n\n\n<p class=\"has-text-align-center is-style-lab-p--base has-text-primary-color has-text-color has-link-color wp-elements-286a1f2aba13bab5682b4ac2bd54ebad\" style=\"margin-top:var(--wp--preset--spacing--s);margin-bottom:var(--wp--preset--spacing--m)\">Auf dem <strong>Camping Les 2 Hohnack Labaroche<\/strong> sind die Tage von einer Vielzahl von Aktivit\u00e4ten gepr\u00e4gt, die Gro\u00df und Klein begeistern werden. F\u00fcr Sportbegeisterte bietet der Campingplatz Boule- und Volleyballfelder, perfekt f\u00fcr gesellige Momente mit Familie oder Freunden. Auch die Kleinsten kommen nicht zu kurz, mit einem eigenen Spielplatz, wo sie sicher spielen k\u00f6nnen.  <br\/><br\/>Naturliebhaber werden die Wanderwege sch\u00e4tzen, die direkt vom Campingplatz aus zug\u00e4nglich sind. Diese Spazierg\u00e4nge f\u00fchren Sie durch die malerischen Landschaften des Elsass und bieten atemberaubende Ausblicke auf die umliegenden Berge. F\u00fcr diejenigen, die ruhigere Aktivit\u00e4ten bevorzugen, werden regelm\u00e4\u00dfig Kreativworkshops und Themenabende organisiert, die es jedem erm\u00f6glichen, seiner Fantasie freien Lauf zu lassen und gemeinsame Momente zu teilen.  <br\/><br\/>Und nach einem ereignisreichen Tag gibt es nichts Besseres, als sich bei einem guten Essen im Restaurant des Campingplatzes zu entspannen, wo Sie lokale Spezialit\u00e4ten in einer warmen und einladenden Atmosph\u00e4re genie\u00dfen k\u00f6nnen.<\/p>\n\n\n\n<p class=\"has-text-align-center is-style-lab-p--base has-text-primary-color has-text-color has-link-color wp-elements-fe16a4c05738492c9b4f0d4385ad07d8\" style=\"margin-top:var(--wp--preset--spacing--s);margin-bottom:var(--wp--preset--spacing--m)\">Der <strong>Camping Les 2 Hohnack Labaroche<\/strong> ist weit mehr als nur ein Aufenthaltsort: Es ist eine Einladung, bereichernde Erlebnisse zu sammeln und unvergessliche Familienerinnerungen zu schaffen. Ob Sie auf Entdeckungsreise gehen oder entspannte Momente suchen, dieser Campingplatz bietet Ihnen den idealen Rahmen f\u00fcr einen gelungenen Urlaub. Z\u00f6gern Sie also nicht l\u00e4nger, buchen Sie Ihren Aufenthalt und entdecken Sie alles, was dieser Campingplatz zu bieten hat.  <\/p>\n<\/div>\n\n\n\n<div style=\"height:var(--wp--preset--spacing--xxl)\" aria-hidden=\"true\" class=\"wp-block-spacer\"><\/div>\n\n\n\n<div class=\"wp-block-group alignfull hrz-responsive-group is-layout-flow wp-block-group-is-layout-flow\" style=\"padding-right:var(--wp--preset--spacing--xxxl);padding-left:var(--wp--preset--spacing--xxxl)\">\n<div class=\"wp-block-group alignfull swiper swiper-slider-3 is-layout-flow wp-block-group-is-layout-flow\" style=\"margin-top:0;margin-bottom:0;padding-top:0;padding-right:0;padding-bottom:0;padding-left:0\">\n<div class=\"wp-block-group swiper-wrapper is-content-justification-center is-nowrap is-layout-flex wp-container-core-group-is-layout-b3c532de wp-block-group-is-layout-flex\" style=\"margin-top:0;margin-bottom:0;padding-top:0;padding-right:0;padding-bottom:0;padding-left:0\">\n<div class=\"wp-block-group swiper-slide has-global-padding is-layout-constrained wp-block-group-is-layout-constrained\">\n<figure data-wp-context=\"{&quot;imageId&quot;:&quot;69e5d7fa58138&quot;}\" data-wp-interactive=\"core\/image\" class=\"wp-block-image size-large wp-lightbox-container\"><img alt=\"\" decoding=\"async\" width=\"1024\" height=\"576\" data-wp-class--hide=\"state.isContentHidden\" data-wp-class--show=\"state.isContentVisible\" data-wp-init=\"callbacks.setButtonStyles\" data-wp-on-async--click=\"actions.showLightbox\" data-wp-on-async--load=\"callbacks.setButtonStyles\" data-wp-on-async-window--resize=\"callbacks.setButtonStyles\" src=\"https:\/\/camping-labaroche.alsace\/wp-content\/uploads\/2025\/10\/AdobeStock_228584318-1024x576.webp\" alt=\"\" class=\"wp-image-546\" style=\"aspect-ratio:4\/3;object-fit:cover\" srcset=\"https:\/\/camping-labaroche.alsace\/wp-content\/uploads\/2025\/10\/AdobeStock_228584318-1024x576.webp 1024w, https:\/\/camping-labaroche.alsace\/wp-content\/uploads\/2025\/10\/AdobeStock_228584318-300x169.webp 300w, https:\/\/camping-labaroche.alsace\/wp-content\/uploads\/2025\/10\/AdobeStock_228584318-768x432.webp 768w, https:\/\/camping-labaroche.alsace\/wp-content\/uploads\/2025\/10\/AdobeStock_228584318-1920x1080.webp 1920w, https:\/\/camping-labaroche.alsace\/wp-content\/uploads\/2025\/10\/AdobeStock_228584318-1440x810.webp 1440w, https:\/\/camping-labaroche.alsace\/wp-content\/uploads\/2025\/10\/AdobeStock_228584318-1366x768.webp 1366w, https:\/\/camping-labaroche.alsace\/wp-content\/uploads\/2025\/10\/AdobeStock_228584318-375x210.webp 375w, https:\/\/camping-labaroche.alsace\/wp-content\/uploads\/2025\/10\/AdobeStock_228584318-200x112.webp 200w\" sizes=\"(max-width: 1024px) 100vw, 1024px\" \/><button\n\t\t\tclass=\"lightbox-trigger\"\n\t\t\ttype=\"button\"\n\t\t\taria-haspopup=\"dialog\"\n\t\t\taria-label=\"Enlarge\"\n\t\t\tdata-wp-init=\"callbacks.initTriggerButton\"\n\t\t\tdata-wp-on-async--click=\"actions.showLightbox\"\n\t\t\tdata-wp-style--right=\"state.imageButtonRight\"\n\t\t\tdata-wp-style--top=\"state.imageButtonTop\"\n\t\t>\n\t\t\t<svg xmlns=\"http:\/\/www.w3.org\/2000\/svg\" width=\"12\" height=\"12\" fill=\"none\" viewBox=\"0 0 12 12\">\n\t\t\t\t<path fill=\"#fff\" d=\"M2 0a2 2 0 0 0-2 2v2h1.5V2a.5.5 0 0 1 .5-.5h2V0H2Zm2 10.5H2a.5.5 0 0 1-.5-.5V8H0v2a2 2 0 0 0 2 2h2v-1.5ZM8 12v-1.5h2a.5.5 0 0 0 .5-.5V8H12v2a2 2 0 0 1-2 2H8Zm2-12a2 2 0 0 1 2 2v2h-1.5V2a.5.5 0 0 0-.5-.5H8V0h2Z\" \/>\n\t\t\t<\/svg>\n\t\t<\/button><\/figure>\n<\/div>\n\n\n\n<div class=\"wp-block-group swiper-slide has-global-padding is-layout-constrained wp-block-group-is-layout-constrained\">\n<figure data-wp-context=\"{&quot;imageId&quot;:&quot;69e5d7fa58c21&quot;}\" data-wp-interactive=\"core\/image\" class=\"wp-block-image size-large wp-lightbox-container\"><img alt=\"\" decoding=\"async\" width=\"1024\" height=\"683\" data-wp-class--hide=\"state.isContentHidden\" data-wp-class--show=\"state.isContentVisible\" data-wp-init=\"callbacks.setButtonStyles\" data-wp-on-async--click=\"actions.showLightbox\" data-wp-on-async--load=\"callbacks.setButtonStyles\" data-wp-on-async-window--resize=\"callbacks.setButtonStyles\" src=\"https:\/\/camping-labaroche.alsace\/wp-content\/uploads\/2025\/10\/AdobeStock_44796260-1024x683.webp\" alt=\"\" class=\"wp-image-545\" style=\"aspect-ratio:4\/3;object-fit:cover\" srcset=\"https:\/\/camping-labaroche.alsace\/wp-content\/uploads\/2025\/10\/AdobeStock_44796260-1024x683.webp 1024w, https:\/\/camping-labaroche.alsace\/wp-content\/uploads\/2025\/10\/AdobeStock_44796260-300x200.webp 300w, https:\/\/camping-labaroche.alsace\/wp-content\/uploads\/2025\/10\/AdobeStock_44796260-768x512.webp 768w, https:\/\/camping-labaroche.alsace\/wp-content\/uploads\/2025\/10\/AdobeStock_44796260-1440x960.webp 1440w, https:\/\/camping-labaroche.alsace\/wp-content\/uploads\/2025\/10\/AdobeStock_44796260-1080x720.webp 1080w, https:\/\/camping-labaroche.alsace\/wp-content\/uploads\/2025\/10\/AdobeStock_44796260-720x480.webp 720w\" sizes=\"(max-width: 1024px) 100vw, 1024px\" \/><button\n\t\t\tclass=\"lightbox-trigger\"\n\t\t\ttype=\"button\"\n\t\t\taria-haspopup=\"dialog\"\n\t\t\taria-label=\"Enlarge\"\n\t\t\tdata-wp-init=\"callbacks.initTriggerButton\"\n\t\t\tdata-wp-on-async--click=\"actions.showLightbox\"\n\t\t\tdata-wp-style--right=\"state.imageButtonRight\"\n\t\t\tdata-wp-style--top=\"state.imageButtonTop\"\n\t\t>\n\t\t\t<svg xmlns=\"http:\/\/www.w3.org\/2000\/svg\" width=\"12\" height=\"12\" fill=\"none\" viewBox=\"0 0 12 12\">\n\t\t\t\t<path fill=\"#fff\" d=\"M2 0a2 2 0 0 0-2 2v2h1.5V2a.5.5 0 0 1 .5-.5h2V0H2Zm2 10.5H2a.5.5 0 0 1-.5-.5V8H0v2a2 2 0 0 0 2 2h2v-1.5ZM8 12v-1.5h2a.5.5 0 0 0 .5-.5V8H12v2a2 2 0 0 1-2 2H8Zm2-12a2 2 0 0 1 2 2v2h-1.5V2a.5.5 0 0 0-.5-.5H8V0h2Z\" \/>\n\t\t\t<\/svg>\n\t\t<\/button><\/figure>\n<\/div>\n\n\n\n<div class=\"wp-block-group swiper-slide has-global-padding is-layout-constrained wp-block-group-is-layout-constrained\">\n<figure data-wp-context=\"{&quot;imageId&quot;:&quot;69e5d7fa59cf7&quot;}\" data-wp-interactive=\"core\/image\" class=\"wp-block-image size-large wp-lightbox-container\"><img alt=\"\" decoding=\"async\" width=\"1024\" height=\"576\" data-wp-class--hide=\"state.isContentHidden\" data-wp-class--show=\"state.isContentVisible\" data-wp-init=\"callbacks.setButtonStyles\" data-wp-on-async--click=\"actions.showLightbox\" data-wp-on-async--load=\"callbacks.setButtonStyles\" data-wp-on-async-window--resize=\"callbacks.setButtonStyles\" src=\"https:\/\/camping-labaroche.alsace\/wp-content\/uploads\/2025\/10\/AdobeStock_581690147-1024x576.webp\" alt=\"\" class=\"wp-image-549\" style=\"aspect-ratio:4\/3;object-fit:cover\" srcset=\"https:\/\/camping-labaroche.alsace\/wp-content\/uploads\/2025\/10\/AdobeStock_581690147-1024x576.webp 1024w, https:\/\/camping-labaroche.alsace\/wp-content\/uploads\/2025\/10\/AdobeStock_581690147-300x169.webp 300w, https:\/\/camping-labaroche.alsace\/wp-content\/uploads\/2025\/10\/AdobeStock_581690147-768x432.webp 768w, https:\/\/camping-labaroche.alsace\/wp-content\/uploads\/2025\/10\/AdobeStock_581690147-1920x1080.webp 1920w, https:\/\/camping-labaroche.alsace\/wp-content\/uploads\/2025\/10\/AdobeStock_581690147-1440x810.webp 1440w, https:\/\/camping-labaroche.alsace\/wp-content\/uploads\/2025\/10\/AdobeStock_581690147-1366x768.webp 1366w, https:\/\/camping-labaroche.alsace\/wp-content\/uploads\/2025\/10\/AdobeStock_581690147-375x210.webp 375w, https:\/\/camping-labaroche.alsace\/wp-content\/uploads\/2025\/10\/AdobeStock_581690147-200x112.webp 200w\" sizes=\"(max-width: 1024px) 100vw, 1024px\" \/><button\n\t\t\tclass=\"lightbox-trigger\"\n\t\t\ttype=\"button\"\n\t\t\taria-haspopup=\"dialog\"\n\t\t\taria-label=\"Enlarge\"\n\t\t\tdata-wp-init=\"callbacks.initTriggerButton\"\n\t\t\tdata-wp-on-async--click=\"actions.showLightbox\"\n\t\t\tdata-wp-style--right=\"state.imageButtonRight\"\n\t\t\tdata-wp-style--top=\"state.imageButtonTop\"\n\t\t>\n\t\t\t<svg xmlns=\"http:\/\/www.w3.org\/2000\/svg\" width=\"12\" height=\"12\" fill=\"none\" viewBox=\"0 0 12 12\">\n\t\t\t\t<path fill=\"#fff\" d=\"M2 0a2 2 0 0 0-2 2v2h1.5V2a.5.5 0 0 1 .5-.5h2V0H2Zm2 10.5H2a.5.5 0 0 1-.5-.5V8H0v2a2 2 0 0 0 2 2h2v-1.5ZM8 12v-1.5h2a.5.5 0 0 0 .5-.5V8H12v2a2 2 0 0 1-2 2H8Zm2-12a2 2 0 0 1 2 2v2h-1.5V2a.5.5 0 0 0-.5-.5H8V0h2Z\" \/>\n\t\t\t<\/svg>\n\t\t<\/button><\/figure>\n<\/div>\n<\/div>\n\n\n\n<div class=\"wp-block-group is-relative is-content-justification-center is-nowrap is-layout-flex wp-container-core-group-is-layout-162fa8d3 wp-block-group-is-layout-flex\" style=\"padding-top:var(--wp--preset--spacing--m);padding-left:0\">\n<div class=\"wp-block-group hrz-slider-3-button-prev hrz-slider-arrow has-primary-background-color has-background has-global-padding is-layout-constrained wp-block-group-is-layout-constrained\" style=\"border-radius:8px\">\n<div class=\"wp-block-outermost-icon-block\"><div class=\"icon-container has-icon-color has-background-color\" style=\"color:#FFFFFF;width:25px;transform:rotate(0deg) scaleX(1) scaleY(1)\"><svg xmlns=\"http:\/\/www.w3.org\/2000\/svg\" viewbox=\"0 0 640 640\"><path d=\"M73.4 297.4C60.9 309.9 60.9 330.2 73.4 342.7L233.4 502.7C245.9 515.2 266.2 515.2 278.7 502.7C291.2 490.2 291.2 469.9 278.7 457.4L173.3 352L544 352C561.7 352 576 337.7 576 320C576 302.3 561.7 288 544 288L173.3 288L278.7 182.6C291.2 170.1 291.2 149.8 278.7 137.3C266.2 124.8 245.9 124.8 233.4 137.3L73.4 297.3z\"><\/path><\/svg><\/div><\/div>\n<\/div>\n\n\n\n<div class=\"wp-block-group hrz-slider-3-button-next hrz-slider-arrow has-primary-background-color has-background has-global-padding is-layout-constrained wp-block-group-is-layout-constrained\" style=\"border-radius:8px\">\n<div class=\"wp-block-outermost-icon-block\"><div class=\"icon-container has-icon-color has-background-color\" style=\"color:#FFFFFF;width:25px;transform:rotate(0deg) scaleX(1) scaleY(1)\"><svg xmlns=\"http:\/\/www.w3.org\/2000\/svg\" viewbox=\"0 0 640 640\"><path d=\"M566.6 342.6C579.1 330.1 579.1 309.8 566.6 297.3L406.6 137.3C394.1 124.8 373.8 124.8 361.3 137.3C348.8 149.8 348.8 170.1 361.3 182.6L466.7 288L96 288C78.3 288 64 302.3 64 320C64 337.7 78.3 352 96 352L466.7 352L361.3 457.4C348.8 469.9 348.8 490.2 361.3 502.7C373.8 515.2 394.1 515.2 406.6 502.7L566.6 342.7z\"><\/path><\/svg><\/div><\/div>\n<\/div>\n<\/div>\n<\/div>\n<\/div>\n<\/div>\n<\/div>\n","protected":false},"excerpt":{"rendered":"<p>Freizeit, Natur und Geselligkeit Ein aktiver Aufenthalt in gr\u00fcner Umgebung Camping mit Aktivit\u00e4ten in Colmar Lust auf einen abwechslungsreichen Urlaub zwischen Natur, Sport und gemeinsamen Momenten? Nur einen Katzensprung von Colmar entfernt empf\u00e4ngt Sie unser Campingplatz in einer gr\u00fcnen und freundlichen Umgebung, ideal f\u00fcr Outdoor-Aktivit\u00e4ten. Ob Sie mit der Familie, als Paar oder mit Freunden [&hellip;]<\/p>\n","protected":false},"author":1,"featured_media":0,"parent":706,"menu_order":6,"comment_status":"closed","ping_status":"closed","template":"page-no-title","meta":{"_acf_changed":false,"_seopress_robots_primary_cat":"","_seopress_titles_title":"Camping mit Aktivit\u00e4ten Colmar | Sportliche Aktivit\u00e4ten auf dem Campingplatz im Elsass","_seopress_titles_desc":"Lust auf einen aktiven Aufenthalt in Colmar? Unser Campingplatz bietet sportliche Aktivit\u00e4ten f\u00fcr die ganze Familie im Elsass. ","_seopress_robots_index":"","footnotes":""},"class_list":["post-681","page","type-page","status-publish","hentry"],"acf":[],"_links":{"self":[{"href":"https:\/\/camping-labaroche.alsace\/de\/wp-json\/wp\/v2\/pages\/681","targetHints":{"allow":["GET"]}}],"collection":[{"href":"https:\/\/camping-labaroche.alsace\/de\/wp-json\/wp\/v2\/pages"}],"about":[{"href":"https:\/\/camping-labaroche.alsace\/de\/wp-json\/wp\/v2\/types\/page"}],"author":[{"embeddable":true,"href":"https:\/\/camping-labaroche.alsace\/de\/wp-json\/wp\/v2\/users\/1"}],"replies":[{"embeddable":true,"href":"https:\/\/camping-labaroche.alsace\/de\/wp-json\/wp\/v2\/comments?post=681"}],"version-history":[{"count":1,"href":"https:\/\/camping-labaroche.alsace\/de\/wp-json\/wp\/v2\/pages\/681\/revisions"}],"predecessor-version":[{"id":688,"href":"https:\/\/camping-labaroche.alsace\/de\/wp-json\/wp\/v2\/pages\/681\/revisions\/688"}],"up":[{"embeddable":true,"href":"https:\/\/camping-labaroche.alsace\/de\/wp-json\/wp\/v2\/pages\/706"}],"wp:attachment":[{"href":"https:\/\/camping-labaroche.alsace\/de\/wp-json\/wp\/v2\/media?parent=681"}],"curies":[{"name":"wp","href":"https:\/\/api.w.org\/{rel}","templated":true}]}}