{"id":1072,"date":"2025-09-29T07:49:36","date_gmt":"2025-09-29T07:49:36","guid":{"rendered":"https:\/\/camping-labaroche.alsace\/camping-colmar\/avis\/"},"modified":"2026-04-16T13:46:05","modified_gmt":"2026-04-16T13:46:05","slug":"meinung","status":"publish","type":"page","link":"https:\/\/camping-labaroche.alsace\/de\/camping-colmar\/meinung\/","title":{"rendered":"Stellungnahme"},"content":{"rendered":"\n<div class=\"wp-block-group alignfull is-layout-flow wp-block-group-is-layout-flow\">\n<div style=\"background-image:url(&#039;https:\/\/camping-labaroche.alsace\/wp-content\/themes\/horizon-marketing-child\/assets\/img\/bg-hero.jpg&#039;);background-size:cover;\" class=\"wp-block-group alignfull hero-lab has-global-padding is-layout-constrained wp-container-core-group-is-layout-4bba424a wp-block-group-is-layout-constrained has-background\">\n<p class=\"has-text-align-center is-style-default has-white-color has-text-color has-link-color has-ternary-font-family has-xl-font-size wp-elements-39515a8106452e147a2d6bc123b24c57\">Das Erlebnis unserer Camper<\/p>\n\n\n\n<p class=\"has-text-align-center has-white-color has-text-color has-link-color has-secondary-font-family has-l-font-size wp-elements-16aae622dbcd218a373e7291fd42e4e4\" style=\"font-style:normal;font-weight:400\"><strong>ganz authentisch<\/strong><\/p>\n<\/div>\n\n\n\n<div class=\"wp-block-group alignfull is-style-lab-grp--dark lab-bloc-5 has-global-padding is-layout-constrained wp-container-core-group-is-layout-153433f7 wp-block-group-is-layout-constrained\" style=\"padding-top:var(--wp--preset--spacing--xxl);padding-bottom:var(--wp--preset--spacing--xxl)\">\n<figure class=\"wp-block-image size-full is-resized lab-rando picto-lab\"><img alt=\"\" decoding=\"async\" src=\"https:\/\/camping-labaroche.alsace\/wp-content\/themes\/horizon-marketing-child\/assets\/img\/rando.svg\" alt=\"\" class=\"wp-image-239\" style=\"width:auto;height:637px\"\/><\/figure>\n\n\n\n<div class=\"wp-block-group has-global-padding is-layout-constrained wp-container-core-group-is-layout-41c22256 wp-block-group-is-layout-constrained\" style=\"padding-right:var(--wp--preset--spacing--l);padding-left:var(--wp--preset--spacing--l)\">\n<p class=\"has-text-align-center is-style-lab-p--subtitle has-text-primary-color has-text-color has-link-color wp-elements-d153efa28522876de2cd28e4b1888a22\">Erfahren Sie, was unsere Besucher denken<\/p>\n\n\n\n<h1 class=\"wp-block-heading has-text-align-center is-style-lab-title--sub has-ternary-color has-text-color has-link-color wp-elements-e8adf8ec9de0cd46de0a3db4738bd465\">Bewertungen des Campingplatzes Les 2 Hohnack Labaroche in Colmar<\/h1>\n\n\n\n<p class=\"has-text-align-center is-style-lab-p--base has-text-primary-color has-text-color has-link-color wp-elements-503b7f63db3c0ee6533826e97197b564\" style=\"margin-top:var(--wp--preset--spacing--s);margin-bottom:var(--wp--preset--spacing--m)\">Eingebettet im Herzen des Oberrheins beherbergt die charmante Gemeinde Labaroche den Campingplatz Les 2 Hohnack, einen Ort, der durch seine Authentizit\u00e4t und seine nat\u00fcrliche Umgebung besticht. In der N\u00e4he von Colmar gelegen, ist dieser Campingplatz ein idealer Ausgangspunkt, um die Wunder des Elsass zu erkunden. Ob Sie Wanderliebhaber, Kulturbegeisterter oder einfach nur auf der Suche nach Ruhe sind, dieser Campingplatz hat f\u00fcr jeden etwas zu bieten.  <\/p>\n<\/div>\n<\/div>\n\n\n\n<div class=\"wp-block-group alignfull is-style-lab-grp--ocre has-global-padding is-layout-constrained wp-block-group-is-layout-constrained\" style=\"padding-top:4.8rem;padding-bottom:4.8rem\">\n<!-- Elfsight Google Reviews | 2 hohnack Google Reviews -->\n<script src=\"https:\/\/elfsightcdn.com\/platform.js\" async=\"\"><\/script>\n<div class=\"elfsight-app-8c051e0e-1901-4912-8da3-67345a027af4\" data-elfsight-app-lazy=\"\"><\/div>\n<\/div>\n<\/div>\n","protected":false},"excerpt":{"rendered":"<p>Das Erlebnis unserer Camper ganz authentisch Erfahren Sie, was unsere Besucher denken Bewertungen des Campingplatzes Les 2 Hohnack Labaroche in Colmar Eingebettet im Herzen des Oberrheins beherbergt die charmante Gemeinde Labaroche den Campingplatz Les 2 Hohnack, einen Ort, der durch seine Authentizit\u00e4t und seine nat\u00fcrliche Umgebung besticht. In der N\u00e4he von Colmar gelegen, ist dieser [&hellip;]<\/p>\n","protected":false},"author":1,"featured_media":0,"parent":769,"menu_order":27,"comment_status":"closed","ping_status":"closed","template":"page-no-title","meta":{"_acf_changed":false,"_seopress_robots_primary_cat":"","_seopress_titles_title":"Bewertungen des Campingplatzes Les 2 Hohnack Labaroche | Bester Campingplatz in der N\u00e4he","_seopress_titles_desc":"Entdecken Sie den besten Campingplatz bei Colmar: Camping Les 2 Hohnack Labaroche. Sehen Sie sich die Kundenbewertungen an und erfahren Sie, warum sich Urlauber f\u00fcr uns entscheiden.","_seopress_robots_index":"","footnotes":""},"class_list":["post-1072","page","type-page","status-publish","hentry"],"acf":[],"_links":{"self":[{"href":"https:\/\/camping-labaroche.alsace\/de\/wp-json\/wp\/v2\/pages\/1072","targetHints":{"allow":["GET"]}}],"collection":[{"href":"https:\/\/camping-labaroche.alsace\/de\/wp-json\/wp\/v2\/pages"}],"about":[{"href":"https:\/\/camping-labaroche.alsace\/de\/wp-json\/wp\/v2\/types\/page"}],"author":[{"embeddable":true,"href":"https:\/\/camping-labaroche.alsace\/de\/wp-json\/wp\/v2\/users\/1"}],"replies":[{"embeddable":true,"href":"https:\/\/camping-labaroche.alsace\/de\/wp-json\/wp\/v2\/comments?post=1072"}],"version-history":[{"count":5,"href":"https:\/\/camping-labaroche.alsace\/de\/wp-json\/wp\/v2\/pages\/1072\/revisions"}],"predecessor-version":[{"id":1608,"href":"https:\/\/camping-labaroche.alsace\/de\/wp-json\/wp\/v2\/pages\/1072\/revisions\/1608"}],"up":[{"embeddable":true,"href":"https:\/\/camping-labaroche.alsace\/de\/wp-json\/wp\/v2\/pages\/769"}],"wp:attachment":[{"href":"https:\/\/camping-labaroche.alsace\/de\/wp-json\/wp\/v2\/media?parent=1072"}],"curies":[{"name":"wp","href":"https:\/\/api.w.org\/{rel}","templated":true}]}}